{"id":8254,"date":"2026-04-03T19:01:12","date_gmt":"2026-04-03T17:01:12","guid":{"rendered":"https:\/\/www.trois-a.org\/?page_id=8254"},"modified":"2026-04-03T19:01:12","modified_gmt":"2026-04-03T17:01:12","slug":"historique-des-mails-envoyes-par-3a","status":"publish","type":"page","link":"https:\/\/www.trois-a.org\/index.php\/historique-des-mails-envoyes-par-3a\/","title":{"rendered":"Historique des mails envoy\u00e9s par 3A"},"content":{"rendered":"<p>Contenu r\u00e9serv\u00e9 aux adh\u00e9rents 3A. <a class=\"notion-link-token notion-focusable-token notion-enable-hover\" href=\"https:\/\/www.trois-a.org\/wp-login.php\" rel=\"noopener noreferrer\" data-token-index=\"0\"><span class=\"link-annotation-unknown-block-id-1800973591\">Connectez-vous<\/span><\/a> ou <a class=\"notion-link-token notion-focusable-token notion-enable-hover\" href=\"https:\/\/www.trois-a.org\/index.php\/adhesion\/\" rel=\"noopener noreferrer\" data-token-index=\"2\"><span class=\"link-annotation-unknown-block-id--789943465\">adh\u00e9rez \u00e0 3A<\/span><\/a> pour le consulter.<\/p>\n","protected":false},"excerpt":{"rendered":"<p>Contenu r\u00e9serv\u00e9 aux adh\u00e9rents 3A. Connectez-vous ou adh\u00e9rez \u00e0 3A pour le consulter.<\/p>\n","protected":false},"author":386,"featured_media":0,"parent":0,"menu_order":0,"comment_status":"closed","ping_status":"closed","template":"","meta":{"footnotes":""},"class_list":["post-8254","page","type-page","status-publish","hentry"],"_links":{"self":[{"href":"https:\/\/www.trois-a.org\/index.php\/wp-json\/wp\/v2\/pages\/8254","targetHints":{"allow":["GET"]}}],"collection":[{"href":"https:\/\/www.trois-a.org\/index.php\/wp-json\/wp\/v2\/pages"}],"about":[{"href":"https:\/\/www.trois-a.org\/index.php\/wp-json\/wp\/v2\/types\/page"}],"author":[{"embeddable":true,"href":"https:\/\/www.trois-a.org\/index.php\/wp-json\/wp\/v2\/users\/386"}],"replies":[{"embeddable":true,"href":"https:\/\/www.trois-a.org\/index.php\/wp-json\/wp\/v2\/comments?post=8254"}],"version-history":[{"count":1,"href":"https:\/\/www.trois-a.org\/index.php\/wp-json\/wp\/v2\/pages\/8254\/revisions"}],"predecessor-version":[{"id":8255,"href":"https:\/\/www.trois-a.org\/index.php\/wp-json\/wp\/v2\/pages\/8254\/revisions\/8255"}],"wp:attachment":[{"href":"https:\/\/www.trois-a.org\/index.php\/wp-json\/wp\/v2\/media?parent=8254"}],"curies":[{"name":"wp","href":"https:\/\/api.w.org\/{rel}","templated":true}]}}