{"id":7239,"date":"2025-02-09T15:00:33","date_gmt":"2025-02-09T14:00:33","guid":{"rendered":"https:\/\/www.trois-a.org\/?page_id=7239"},"modified":"2025-02-09T15:00:33","modified_gmt":"2025-02-09T14:00:33","slug":"informer","status":"publish","type":"page","link":"https:\/\/www.trois-a.org\/index.php\/informer\/","title":{"rendered":"Informer"},"content":{"rendered":"<p>Via son site, sa newsletter \u00ab\u00a0Les Br\u00e8ves de 3A\u00a0\u00bb et son bulletin hebdomadaire en saison \u00ab\u00a0En bref cette semaine aux Arcs\u00a0\u00bb, 3A tient inform\u00e9s ses adh\u00e9rents, et les propri\u00e9taires en g\u00e9n\u00e9ral, des actualit\u00e9s et des projets de la station.<\/p>\n","protected":false},"excerpt":{"rendered":"<p>Via son site, sa newsletter \u00ab\u00a0Les Br\u00e8ves de 3A\u00a0\u00bb et son bulletin hebdomadaire en saison \u00ab\u00a0En bref cette semaine aux Arcs\u00a0\u00bb, 3A tient inform\u00e9s ses adh\u00e9rents, et les propri\u00e9taires en g\u00e9n\u00e9ral, des actualit\u00e9s et des projets de la station.<\/p>\n","protected":false},"author":386,"featured_media":0,"parent":0,"menu_order":0,"comment_status":"closed","ping_status":"closed","template":"","meta":{"footnotes":""},"class_list":["post-7239","page","type-page","status-publish","hentry"],"_links":{"self":[{"href":"https:\/\/www.trois-a.org\/index.php\/wp-json\/wp\/v2\/pages\/7239","targetHints":{"allow":["GET"]}}],"collection":[{"href":"https:\/\/www.trois-a.org\/index.php\/wp-json\/wp\/v2\/pages"}],"about":[{"href":"https:\/\/www.trois-a.org\/index.php\/wp-json\/wp\/v2\/types\/page"}],"author":[{"embeddable":true,"href":"https:\/\/www.trois-a.org\/index.php\/wp-json\/wp\/v2\/users\/386"}],"replies":[{"embeddable":true,"href":"https:\/\/www.trois-a.org\/index.php\/wp-json\/wp\/v2\/comments?post=7239"}],"version-history":[{"count":1,"href":"https:\/\/www.trois-a.org\/index.php\/wp-json\/wp\/v2\/pages\/7239\/revisions"}],"predecessor-version":[{"id":7240,"href":"https:\/\/www.trois-a.org\/index.php\/wp-json\/wp\/v2\/pages\/7239\/revisions\/7240"}],"wp:attachment":[{"href":"https:\/\/www.trois-a.org\/index.php\/wp-json\/wp\/v2\/media?parent=7239"}],"curies":[{"name":"wp","href":"https:\/\/api.w.org\/{rel}","templated":true}]}}