{"id":6483,"date":"2024-07-28T07:59:07","date_gmt":"2024-07-28T05:59:07","guid":{"rendered":"https:\/\/www.trois-a.org\/?page_id=6483"},"modified":"2024-07-28T07:59:07","modified_gmt":"2024-07-28T05:59:07","slug":"question-a-lag-2024","status":"publish","type":"page","link":"https:\/\/www.trois-a.org\/index.php\/question-a-lag-2024\/","title":{"rendered":"Question \u00e0 l&rsquo;AG 2024"},"content":{"rendered":"<div class=\"frm_forms  with_frm_style frm_style_style-formidable\" id=\"frm_form_23_container\" >\n<form enctype=\"multipart\/form-data\" method=\"post\" class=\"frm-show-form  frm_pro_form \" id=\"form_p7i1622\" >\n<div class=\"frm_form_fields \">\n<fieldset>\n<legend class=\"frm_screen_reader\">Question AG 2024<\/legend>\r\n\r\n<div class=\"frm_fields_container\">\n<input type=\"hidden\" name=\"frm_action\" value=\"create\" \/>\n<input type=\"hidden\" name=\"form_id\" value=\"23\" \/>\n<input type=\"hidden\" name=\"frm_hide_fields_23\" id=\"frm_hide_fields_23\" value=\"\" \/>\n<input type=\"hidden\" name=\"form_key\" value=\"p7i1622\" \/>\n<input type=\"hidden\" name=\"item_meta[0]\" value=\"\" \/>\n<input type=\"hidden\" id=\"frm_submit_entry_23\" name=\"frm_submit_entry_23\" value=\"2dcc7060a6\" \/><input type=\"hidden\" name=\"_wp_http_referer\" value=\"\/index.php\/wp-json\/wp\/v2\/pages\/6483\" \/><div id=\"frm_field_394_container\" class=\"frm_form_field form-field  frm_left_container frm12 frm_first\">\r\n    <label for=\"field_c3gru4\" class=\"frm_primary_label\">Pr\u00e9nom\r\n        <span class=\"frm_required\"><\/span>\r\n    <\/label>\r\n    <input  type=\"text\" id=\"field_c3gru4\" name=\"item_meta[394]\" value=\"\"  style=\"width:300px\" data-invmsg=\"texte est non valide\" class=\"auto_width\" aria-invalid=\"false\"   \/>\r\n    \r\n    \r\n<\/div>\n<div id=\"frm_field_395_container\" class=\"frm_form_field form-field  frm_left_container frm12 frm_first\">\r\n    <label for=\"field_368bf4\" class=\"frm_primary_label\">Nom\r\n        <span class=\"frm_required\"><\/span>\r\n    <\/label>\r\n    <input  type=\"text\" id=\"field_368bf4\" name=\"item_meta[395]\" value=\"\"  style=\"width:300px\" data-invmsg=\"texte est non valide\" class=\"auto_width\" aria-invalid=\"false\"   \/>\r\n    \r\n    \r\n<\/div>\n<div id=\"frm_field_400_container\" class=\"frm_form_field form-field  frm_left_container frm12 frm_first\">\r\n    <label for=\"field_egd804\" class=\"frm_primary_label\">R\u00e9sidence\r\n        <span class=\"frm_required\"><\/span>\r\n    <\/label>\r\n    <input  type=\"text\" id=\"field_egd804\" name=\"item_meta[400]\" value=\"\"  style=\"width:300px\" data-invmsg=\"texte est non valide\" class=\"auto_width\" aria-invalid=\"false\"   \/>\r\n    \r\n    \r\n<\/div>\n<div id=\"frm_field_396_container\" class=\"frm_form_field form-field  frm_left_container\">\r\n    <label for=\"field_n6zuh4\" class=\"frm_primary_label\">Email\r\n        <span class=\"frm_required\"><\/span>\r\n    <\/label>\r\n    <input  type=\"text\" id=\"field_n6zuh4\" name=\"item_meta[396]\" value=\"\"  style=\"width:200px\" data-invmsg=\"texte est non valide\" class=\"auto_width\" aria-invalid=\"false\"   aria-describedby=\"frm_desc_field_n6zuh4\" \/>\r\n    <div class=\"frm_description\" id=\"frm_desc_field_n6zuh4\">Si vous n&rsquo;\u00eates pas adh\u00e9rent \u00e0 3A, pour recevoir une r\u00e9ponse<\/div>\r\n    \r\n<\/div>\n<div id=\"frm_field_403_container\" class=\"frm_form_field form-field  frm_required_field frm_none_container\">\r\n    <label for=\"field_7vl7r2\" class=\"frm_primary_label\">Message\r\n        <span class=\"frm_required\">*<\/span>\r\n    <\/label>\r\n    <textarea name=\"item_meta[403]\" id=\"field_7vl7r2\" rows=\"10\"  data-reqmsg=\"Ce champ ne peut pas \u00eatre vide\" aria-required=\"true\" data-invmsg=\"Message est non valide\" aria-invalid=\"false\"  ><\/textarea>\r\n    \r\n    \r\n<\/div>\n<div id=\"frm_field_405_container\" class=\"frm_form_field form-field \">\r\n\t<div class=\"frm_submit\">\r\n\r\n<button class=\"frm_button_submit frm_final_submit\" type=\"submit\"  >Envoyer<\/button>\r\n\r\n<\/div>\r\n<\/div>\n\t<input type=\"hidden\" name=\"item_key\" value=\"\" \/>\n\t\t\t<div id=\"frm_field_455_container\">\n\t\t\t<label for=\"field_q7z4s\" >\n\t\t\t\tSi vous \u00eates un humain, ne remplissez pas ce champ.\t\t\t<\/label>\n\t\t\t<input  id=\"field_q7z4s\" type=\"text\" class=\"frm_form_field form-field frm_verify\" name=\"item_meta[455]\" value=\"\"  \/>\n\t\t<\/div>\n\t\t<input name=\"frm_state\" type=\"hidden\" value=\"x3Djz7YgXdRcbRo8Hyb1uHtMWhrKGfqJ1poNABhCh0a7I6nV4PoqC3PEIqjTFjQh\" \/><\/div>\n<\/fieldset>\n<\/div>\n\n<p style=\"display: none !important;\" class=\"akismet-fields-container\" data-prefix=\"ak_\"><label>&#916;<textarea name=\"ak_hp_textarea\" cols=\"45\" rows=\"8\" maxlength=\"100\"><\/textarea><\/label><input type=\"hidden\" id=\"ak_js_1\" name=\"ak_js\" value=\"157\"\/><script type=\"text\/javascript\">\n\/* <![CDATA[ *\/\ndocument.getElementById( \"ak_js_1\" ).setAttribute( \"value\", ( new Date() ).getTime() );\n\/* ]]> *\/\n<\/script>\n<\/p><\/form>\n<\/div>\n","protected":false},"excerpt":{"rendered":"","protected":false},"author":386,"featured_media":0,"parent":0,"menu_order":0,"comment_status":"closed","ping_status":"closed","template":"","meta":{"footnotes":""},"class_list":["post-6483","page","type-page","status-publish","hentry"],"_links":{"self":[{"href":"https:\/\/www.trois-a.org\/index.php\/wp-json\/wp\/v2\/pages\/6483","targetHints":{"allow":["GET"]}}],"collection":[{"href":"https:\/\/www.trois-a.org\/index.php\/wp-json\/wp\/v2\/pages"}],"about":[{"href":"https:\/\/www.trois-a.org\/index.php\/wp-json\/wp\/v2\/types\/page"}],"author":[{"embeddable":true,"href":"https:\/\/www.trois-a.org\/index.php\/wp-json\/wp\/v2\/users\/386"}],"replies":[{"embeddable":true,"href":"https:\/\/www.trois-a.org\/index.php\/wp-json\/wp\/v2\/comments?post=6483"}],"version-history":[{"count":1,"href":"https:\/\/www.trois-a.org\/index.php\/wp-json\/wp\/v2\/pages\/6483\/revisions"}],"predecessor-version":[{"id":6484,"href":"https:\/\/www.trois-a.org\/index.php\/wp-json\/wp\/v2\/pages\/6483\/revisions\/6484"}],"wp:attachment":[{"href":"https:\/\/www.trois-a.org\/index.php\/wp-json\/wp\/v2\/media?parent=6483"}],"curies":[{"name":"wp","href":"https:\/\/api.w.org\/{rel}","templated":true}]}}