{"id":5421,"date":"2023-07-21T14:56:05","date_gmt":"2023-07-21T12:56:05","guid":{"rendered":"https:\/\/www.trois-a.org\/?page_id=5421"},"modified":"2026-01-01T21:11:16","modified_gmt":"2026-01-01T20:11:16","slug":"pass","status":"publish","type":"page","link":"https:\/\/www.trois-a.org\/index.php\/pass\/","title":{"rendered":"Carte adh\u00e9rent"},"content":{"rendered":"<p>Dans le cadre du programme \u00ab\u00a0Partenaire 3A\u00a0\u00bb, d\u00e9crit dans <a href=\"https:\/\/www.trois-a.org\/wp-content\/uploads\/2023\/07\/Statut-Proprietaire-3A.pdf\" target=\"_blank\" rel=\"noopener\">ce document<\/a>, tout membre de 3A \u00e0 jour de sa cotisation peut b\u00e9n\u00e9ficier d&rsquo;avantages chez des prestataires de service ayant souscrit au programme, dont la liste peut \u00eatre consult\u00e9e en cliquant sur <a href=\"https:\/\/www.trois-a.org\/index.php\/partenaires-3a\/\" target=\"_blank\" rel=\"noopener\">ce lien<\/a>.<\/p>\n<p>Pour b\u00e9n\u00e9ficier de ces avantages, vous devrez pr\u00e9senter votre carte d&rsquo;adh\u00e9rent au prestataire.<\/p>\n<p>Pour r\u00e9cup\u00e9rer votre carte d&rsquo;adh\u00e9rent, t\u00e9l\u00e9chargez votre photo d&rsquo;identit\u00e9 \u00e0 l&rsquo;aide du formulaire ci-dessous.<\/p>\n<div class=\"frm_forms  with_frm_style frm_style_style-formidable\" id=\"frm_form_16_container\" >\n<form enctype=\"multipart\/form-data\" method=\"post\" class=\"frm-show-form  frm_pro_form \" id=\"form_demandedepass\" >\n<div class=\"frm_form_fields \">\n<fieldset>\n<legend class=\"frm_screen_reader\">Demande de carte d'adh\u00e9rent 3A<\/legend>\r\n\r\n<div class=\"frm_fields_container\">\n<input type=\"hidden\" name=\"frm_action\" value=\"create\" \/>\n<input type=\"hidden\" name=\"form_id\" value=\"16\" \/>\n<input type=\"hidden\" name=\"frm_hide_fields_16\" id=\"frm_hide_fields_16\" value=\"\" \/>\n<input type=\"hidden\" name=\"form_key\" value=\"demandedepass\" \/>\n<input type=\"hidden\" name=\"item_meta[0]\" value=\"\" \/>\n<input type=\"hidden\" id=\"frm_submit_entry_16\" name=\"frm_submit_entry_16\" value=\"2dcc7060a6\" \/><input type=\"hidden\" name=\"_wp_http_referer\" value=\"\/index.php\/wp-json\/wp\/v2\/pages\/5421\" \/><input type=\"hidden\" name=\"item_meta[236]\" id=\"field_h8neq\" value=\"\" data-frmval=\"\"\/>\n<div id=\"frm_field_237_container\" class=\"frm_form_field form-field  frm_required_field frm_top_container\">\r\n    <label for=\"field_g1igu\" id=\"field_g1igu_label\" class=\"frm_primary_label\">T\u00e9l\u00e9chargez votre photo d'identit\u00e9\r\n        <span class=\"frm_required\" aria-hidden=\"true\">*<\/span>\r\n    <\/label>\r\n    <input type=\"hidden\"  data-reqmsg=\"Ce champ ne peut pas \u00eatre vide\" data-invmsg=\"T\u00e9l\u00e9versement de fichier est non valide\" aria-invalid=\"false\"   name=\"item_meta[237]\"  data-reqmsg=\"Ce champ ne peut pas \u00eatre vide\"  value=\"\" data-frmfile=\"237\" \/>\n\n<div class=\"frm_dropzone frm_single_upload frm_clearfix\" id=\"file237_dropzone\" role=\"group\" >\n\t<div class=\"fallback\">\n\t\t<input type=\"file\" name=\"file237\" id=\"field_g1igu\"\n\t\t\t data-reqmsg=\"Ce champ ne peut pas \u00eatre vide\" data-invmsg=\"T\u00e9l\u00e9versement de fichier est non valide\" aria-invalid=\"false\"  \t\t\t\/>\n\t\t\t\t<div class=\"frm_clearfix \"><\/div>\n\t<\/div>\n\t<div class=\"dz-message needsclick\">\n\t\t\t\t<svg  viewBox=\"0 0 18 18\" class=\"frmsvg frm-svg-icon\">\n\t<path viewBox=\"0 0 18 18\" fill-rule=\"evenodd\" clip-rule=\"evenodd\" d=\"M8.2 4v8a.8.8 0 001.5 0V4l2.1 2.2A.7.7 0 1013 5L9.5 1.7a.7.7 0 00-1.1 0L5.1 5.2a.8.8 0 001 1l2.1-2zm7.6 4.3c.4 0 .7.3.7.7v6.8c0 .4-.3.7-.8.7H2.3a.8.8 0 01-.8-.8V9A.8.8 0 013 9v6h12V9c0-.4.3-.8.8-.8z\"><\/path>\n<\/svg>\t\t<span class=\"frm_upload_text\"><button type=\"button\" aria-label=\"T\u00e9l\u00e9chargez votre photo d&#039;identit\u00e9. D\u00e9poser un fichier ici ou cliquer pour t\u00e9l\u00e9charger. Taille de fichier maximale\u00a0: 516MB\">D\u00e9poser un fichier ici ou cliquer pour t\u00e9l\u00e9charger<\/button><\/span>\n\t\t<span class=\"frm_compact_text\"><button type=\"button\" aria-label=\"T\u00e9l\u00e9chargez votre photo d&#039;identit\u00e9. Choisir un fichier. Taille de fichier maximale\u00a0: 516MB\">Choisir un fichier<\/button><\/span>\n\t\t<div class=\"frm_small_text\">\n\t\t\t<p>Taille de fichier maximale\u00a0: 516MB<\/p>\n\t\t<\/div>\n\t<\/div>\n<\/div>\n\t\r\n    \r\n    \r\n<\/div>\n\t\t<input  type=\"hidden\" name=\"item_meta[238]\" id=\"field_7ospx\" value=\"\"     \/>\n\t\t\t\t<input  type=\"hidden\" name=\"item_meta[239]\" id=\"field_76v7i\" value=\"\"     \/>\n\t\t\t\t<input  type=\"hidden\" name=\"item_meta[247]\" id=\"field_7jzgc\" value=\"\"     \/>\n\t\t\t\t<input  type=\"hidden\" name=\"item_meta[248]\" id=\"field_2rq13\" value=\"\"     \/>\n\t\t\t\t<input  type=\"hidden\" name=\"item_meta[249]\" id=\"field_z2f7t\" value=\"\"     \/>\n\t\t<div id=\"frm_field_258_container\" class=\"frm_form_field form-field \">\n\t<div class=\"frm_submit\">\r\n\r\n<button class=\"frm_button_submit frm_final_submit\" type=\"submit\"  >Je r\u00e9cup\u00e8re ma carte d&#039;adh\u00e9rent 3A<\/button>\r\n\r\n\r\n<\/div>\n<\/div>\n\t<input type=\"hidden\" name=\"item_key\" value=\"\" \/>\n\t\t\t<div id=\"frm_field_455_container\">\n\t\t\t<label for=\"field_a36wh\" >\n\t\t\t\tSi vous \u00eates un humain, ne remplissez pas ce champ.\t\t\t<\/label>\n\t\t\t<input  id=\"field_a36wh\" type=\"text\" class=\"frm_form_field form-field frm_verify\" name=\"item_meta[455]\" value=\"\"  \/>\n\t\t<\/div>\n\t\t<input name=\"frm_state\" type=\"hidden\" value=\"x3Djz7YgXdRcbRo8Hyb1uEJBBl1eD4dsKNyoFYHXwYC7I6nV4PoqC3PEIqjTFjQh\" \/><\/div>\n<\/fieldset>\n<\/div>\n\n<p style=\"display: none !important;\" class=\"akismet-fields-container\" data-prefix=\"ak_\"><label>&#916;<textarea name=\"ak_hp_textarea\" cols=\"45\" rows=\"8\" maxlength=\"100\"><\/textarea><\/label><input type=\"hidden\" id=\"ak_js_1\" name=\"ak_js\" value=\"41\"\/><script type=\"text\/javascript\">\n\/* <![CDATA[ *\/\ndocument.getElementById( \"ak_js_1\" ).setAttribute( \"value\", ( new Date() ).getTime() );\n\/* ]]> *\/\n<\/script>\n<\/p><\/form>\n<\/div>\n\n\n\n","protected":false},"excerpt":{"rendered":"<p>Dans le cadre du programme \u00ab\u00a0Partenaire 3A\u00a0\u00bb, d\u00e9crit dans ce document, tout membre de 3A \u00e0 jour de sa cotisation peut b\u00e9n\u00e9ficier d&rsquo;avantages chez des prestataires de service ayant souscrit au programme, dont la liste peut \u00eatre consult\u00e9e en cliquant sur ce lien. Pour b\u00e9n\u00e9ficier de ces avantages, vous devrez pr\u00e9senter votre carte d&rsquo;adh\u00e9rent au &#8230;<\/p>\n","protected":false},"author":386,"featured_media":0,"parent":0,"menu_order":0,"comment_status":"closed","ping_status":"closed","template":"","meta":{"footnotes":""},"class_list":["post-5421","page","type-page","status-publish","hentry"],"_links":{"self":[{"href":"https:\/\/www.trois-a.org\/index.php\/wp-json\/wp\/v2\/pages\/5421","targetHints":{"allow":["GET"]}}],"collection":[{"href":"https:\/\/www.trois-a.org\/index.php\/wp-json\/wp\/v2\/pages"}],"about":[{"href":"https:\/\/www.trois-a.org\/index.php\/wp-json\/wp\/v2\/types\/page"}],"author":[{"embeddable":true,"href":"https:\/\/www.trois-a.org\/index.php\/wp-json\/wp\/v2\/users\/386"}],"replies":[{"embeddable":true,"href":"https:\/\/www.trois-a.org\/index.php\/wp-json\/wp\/v2\/comments?post=5421"}],"version-history":[{"count":22,"href":"https:\/\/www.trois-a.org\/index.php\/wp-json\/wp\/v2\/pages\/5421\/revisions"}],"predecessor-version":[{"id":7935,"href":"https:\/\/www.trois-a.org\/index.php\/wp-json\/wp\/v2\/pages\/5421\/revisions\/7935"}],"wp:attachment":[{"href":"https:\/\/www.trois-a.org\/index.php\/wp-json\/wp\/v2\/media?parent=5421"}],"curies":[{"name":"wp","href":"https:\/\/api.w.org\/{rel}","templated":true}]}}