{"id":5221,"date":"2023-06-12T10:50:34","date_gmt":"2023-06-12T08:50:34","guid":{"rendered":"https:\/\/www.trois-a.org\/?page_id=5221"},"modified":"2023-06-28T19:54:49","modified_gmt":"2023-06-28T17:54:49","slug":"remontees-de-terrain","status":"publish","type":"page","link":"https:\/\/www.trois-a.org\/index.php\/remontees-de-terrain\/","title":{"rendered":"Remont\u00e9es de terrain"},"content":{"rendered":"<div class=\"ppress-paywall-message-wrap\"><div class=\"ppress-paywall-message\"><p>Acc\u00e8s r\u00e9serv\u00e9 aux membres du CA de 3A<\/p>\n<\/div><\/div>","protected":false},"excerpt":{"rendered":"<p>Acc\u00e8s r\u00e9serv\u00e9 aux membres du CA de 3A<\/p>\n","protected":false},"author":386,"featured_media":0,"parent":0,"menu_order":0,"comment_status":"closed","ping_status":"closed","template":"","meta":{"footnotes":""},"class_list":["post-5221","page","type-page","status-publish","hentry"],"_links":{"self":[{"href":"https:\/\/www.trois-a.org\/index.php\/wp-json\/wp\/v2\/pages\/5221","targetHints":{"allow":["GET"]}}],"collection":[{"href":"https:\/\/www.trois-a.org\/index.php\/wp-json\/wp\/v2\/pages"}],"about":[{"href":"https:\/\/www.trois-a.org\/index.php\/wp-json\/wp\/v2\/types\/page"}],"author":[{"embeddable":true,"href":"https:\/\/www.trois-a.org\/index.php\/wp-json\/wp\/v2\/users\/386"}],"replies":[{"embeddable":true,"href":"https:\/\/www.trois-a.org\/index.php\/wp-json\/wp\/v2\/comments?post=5221"}],"version-history":[{"count":2,"href":"https:\/\/www.trois-a.org\/index.php\/wp-json\/wp\/v2\/pages\/5221\/revisions"}],"predecessor-version":[{"id":5302,"href":"https:\/\/www.trois-a.org\/index.php\/wp-json\/wp\/v2\/pages\/5221\/revisions\/5302"}],"wp:attachment":[{"href":"https:\/\/www.trois-a.org\/index.php\/wp-json\/wp\/v2\/media?parent=5221"}],"curies":[{"name":"wp","href":"https:\/\/api.w.org\/{rel}","templated":true}]}}