{"id":4913,"date":"2023-02-02T13:45:58","date_gmt":"2023-02-02T12:45:58","guid":{"rendered":"https:\/\/www.trois-a.org\/?page_id=4913"},"modified":"2025-12-03T10:28:51","modified_gmt":"2025-12-03T09:28:51","slug":"3a2050","status":"publish","type":"page","link":"https:\/\/www.trois-a.org\/index.php\/3a2050\/","title":{"rendered":"Saisie d&rsquo;une ressource 3A2050"},"content":{"rendered":"<a id=\"button_id-5125\" href=\"https:\/\/www.trois-a.org\/index.php\/catalogue-3A2050\/\" class=\"button medium white no_woo_button\"><span><i class=\"theme-icon icon-list-ul\"><\/i>Voir le catalogue des ressources<\/span><\/a>\n<p>&nbsp;<\/p>\n<div class=\"frm_forms  with_frm_style frm_style_style-formidable\" id=\"frm_form_25_container\" data-token=\"2f1e1ea912a2bf68cee8b48d7b82aba1\">\n<form enctype=\"multipart\/form-data\" method=\"post\" class=\"frm-show-form  frm_pro_form \" id=\"form_saisie-de-ressource\" data-token=\"2f1e1ea912a2bf68cee8b48d7b82aba1\">\n<div class=\"frm_form_fields \">\n<fieldset>\n<legend class=\"frm_screen_reader\">Saisie de ressource 3A2050<\/legend>\r\n\r\n<div class=\"frm_fields_container\">\n<input type=\"hidden\" name=\"frm_action\" value=\"create\" \/>\n<input type=\"hidden\" name=\"form_id\" value=\"25\" \/>\n<input type=\"hidden\" name=\"frm_hide_fields_25\" id=\"frm_hide_fields_25\" value=\"\" \/>\n<input type=\"hidden\" name=\"form_key\" value=\"saisie-de-ressource\" \/>\n<input type=\"hidden\" name=\"item_meta[0]\" value=\"\" \/>\n<input type=\"hidden\" id=\"frm_submit_entry_25\" name=\"frm_submit_entry_25\" value=\"2dcc7060a6\" \/><input type=\"hidden\" name=\"_wp_http_referer\" value=\"\/index.php\/wp-json\/wp\/v2\/pages\/4913\" \/><div id=\"frm_field_425_container\" class=\"frm_form_field form-field  frm_top_container frm3 frm_first frm_other_container\">\r\n\t<label for=\"field_xh52j\" id=\"field_xh52j_label\" class=\"frm_primary_label\">Type\r\n\t\t<span class=\"frm_required\" aria-hidden=\"true\"><\/span>\r\n\t<\/label>\r\n\t\t\t<select name=\"item_meta[425]\" id=\"field_xh52j\"  data-frmval=\"site\" data-invmsg=\"Type est non valide\" aria-invalid=\"false\"  >\n\t\t<option  value=\"site\" selected='selected'>site<\/option><option  value=\"article 3A\">article 3A<\/option><option  value=\"vid\u00e9o\">vid\u00e9o<\/option><option  value=\"livre\">livre<\/option><option  value=\"\u00e9tude\">\u00e9tude<\/option><option  value=\"article de journal ou de blog\">article de journal ou de blog<\/option><option  value=\"rapport\">rapport<\/option><option  value=\"interview\">interview<\/option><option  value=\"conf\u00e9rence\">conf\u00e9rence<\/option><option  value=\"Autre\" class=\"frm_other_trigger\">Autre<\/option>\t<\/select>\n\t<label for=\"field_xh52j-otext\" class=\"frm_screen_reader frm_hidden\">Type<\/label><input type=\"text\" id=\"field_xh52j-otext\" class=\"frm_other_input frm_pos_none\"  name=\"item_meta[other][425]\" value=\"\" \/>\r\n\t<div class=\"frm_description\" id=\"frm_desc_field_xh52j\">Utiliser \"Autre\" pour proposer un nouveau type<\/div>\r\n\t\r\n<\/div>\n<div id=\"frm_field_437_container\" class=\"frm_form_field form-field  frm_top_container frm3 frm_other_container\">\r\n\t<label for=\"field_frh88\" id=\"field_frh88_label\" class=\"frm_primary_label\">P\u00e9rim\u00e8tre\r\n\t\t<span class=\"frm_required\" aria-hidden=\"true\"><\/span>\r\n\t<\/label>\r\n\t\t\t<select name=\"item_meta[437][]\" id=\"field_frh88\"  multiple=\"multiple\"  data-frmval=\"[&quot;ADS&quot;]\" data-invmsg=\"P\u00e9rim\u00e8tre est non valide\" aria-invalid=\"false\"  >\n\t\t<option  value=\"ADS\" selected='selected'>ADS<\/option><option  value=\"ABT\">ABT<\/option><option  value=\"Mairie\">Mairie<\/option><option  value=\"Les Arcs\">Les Arcs<\/option><option  value=\"Savoie\">Savoie<\/option><option  value=\"France\">France<\/option><option  value=\"Ailleurs\">Ailleurs<\/option><option  value=\"Scientifique\">Scientifique<\/option><option  value=\"Autre\" class=\"frm_other_trigger\">Autre<\/option>\t<\/select>\n\t<label for=\"field_frh88-otext\" class=\"frm_screen_reader frm_hidden\">P\u00e9rim\u00e8tre<\/label><input type=\"text\" id=\"field_frh88-otext\" class=\"frm_other_input frm_pos_none frm_other_full\"  name=\"item_meta[other][437][other_6]\" value=\"\" \/>\r\n\t<div class=\"frm_description\" id=\"frm_desc_field_frh88\">Plusieurs p\u00e9rim\u00e8tres sont possibles<\/div>\r\n\t\r\n<\/div>\n<div id=\"frm_field_436_container\" class=\"frm_form_field form-field  frm_top_container frm3\">\r\n\t<label for=\"field_c0wcf\" id=\"field_c0wcf_label\" class=\"frm_primary_label\">Importance\r\n\t\t<span class=\"frm_required\" aria-hidden=\"true\"><\/span>\r\n\t<\/label>\r\n\t<div class=\"frm_opt_container\" aria-labelledby=\"field_c0wcf_label\" role=\"group\"><div class=\"frm-star-group\">\n\t\t<input type=\"radio\" name=\"item_meta[436]\" id=\"field_c0wcf-0\" value=\"1\"  data-invmsg=\"Importance est non valide\" aria-invalid=\"false\"   \/><label  for=\"field_c0wcf-0\" class=\"star-rating\">\n\t\t\t\t<svg  viewBox=\"0 0 20 20\" class=\"frmsvg\"><g clip-path=\"url(#frm-star-clip-path)\"><path fill=\"#EAECF0\" d=\"m10 .5 2.64 6.36 6.87.55-5.23 4.48 1.6 6.7L10 15l-5.88 3.59 1.6-6.7L.49 7.41l6.86-.55L10 .5Z\"\/><\/g><defs><clipPath id=\"frm-star-clip-path\"><path fill=\"#fff\" d=\"M0 0h20v20H0z\"\/><\/clipPath><\/defs>\n<\/svg><svg  viewBox=\"0 0 20 20\" class=\"frmsvg\"><path fill=\"#FDB022\" d=\"m10 .5 2.64 6.36 6.87.55-5.23 4.48 1.6 6.7L10 15l-5.88 3.59 1.6-6.7L.49 7.41l6.86-.55L10 .5Z\"\/>\n<\/svg>\t\t\t\t<span class=\"frm_screen_reader\">1 \u00c9toile<\/span>\n\t\t\t<\/label>\n\t\t<input type=\"radio\" name=\"item_meta[436]\" id=\"field_c0wcf-1\" value=\"2\"  data-invmsg=\"Importance est non valide\" aria-invalid=\"false\"   \/><label  for=\"field_c0wcf-1\" class=\"star-rating\">\n\t\t\t\t<svg  viewBox=\"0 0 20 20\" class=\"frmsvg\"><g clip-path=\"url(#frm-star-clip-path)\"><path fill=\"#EAECF0\" d=\"m10 .5 2.64 6.36 6.87.55-5.23 4.48 1.6 6.7L10 15l-5.88 3.59 1.6-6.7L.49 7.41l6.86-.55L10 .5Z\"\/><\/g><defs><clipPath id=\"frm-star-clip-path\"><path fill=\"#fff\" d=\"M0 0h20v20H0z\"\/><\/clipPath><\/defs>\n<\/svg><svg  viewBox=\"0 0 20 20\" class=\"frmsvg\"><path fill=\"#FDB022\" d=\"m10 .5 2.64 6.36 6.87.55-5.23 4.48 1.6 6.7L10 15l-5.88 3.59 1.6-6.7L.49 7.41l6.86-.55L10 .5Z\"\/>\n<\/svg>\t\t\t\t<span class=\"frm_screen_reader\">2 \u00c9toiles<\/span>\n\t\t\t<\/label>\n\t\t<input type=\"radio\" name=\"item_meta[436]\" id=\"field_c0wcf-2\" value=\"3\"  data-invmsg=\"Importance est non valide\" aria-invalid=\"false\"   \/><label  for=\"field_c0wcf-2\" class=\"star-rating\">\n\t\t\t\t<svg  viewBox=\"0 0 20 20\" class=\"frmsvg\"><g clip-path=\"url(#frm-star-clip-path)\"><path fill=\"#EAECF0\" d=\"m10 .5 2.64 6.36 6.87.55-5.23 4.48 1.6 6.7L10 15l-5.88 3.59 1.6-6.7L.49 7.41l6.86-.55L10 .5Z\"\/><\/g><defs><clipPath id=\"frm-star-clip-path\"><path fill=\"#fff\" d=\"M0 0h20v20H0z\"\/><\/clipPath><\/defs>\n<\/svg><svg  viewBox=\"0 0 20 20\" class=\"frmsvg\"><path fill=\"#FDB022\" d=\"m10 .5 2.64 6.36 6.87.55-5.23 4.48 1.6 6.7L10 15l-5.88 3.59 1.6-6.7L.49 7.41l6.86-.55L10 .5Z\"\/>\n<\/svg>\t\t\t\t<span class=\"frm_screen_reader\">3 \u00c9toiles<\/span>\n\t\t\t<\/label>\n\t\t<input type=\"radio\" name=\"item_meta[436]\" id=\"field_c0wcf-3\" value=\"4\"  data-invmsg=\"Importance est non valide\" aria-invalid=\"false\"   \/><label  for=\"field_c0wcf-3\" class=\"star-rating\">\n\t\t\t\t<svg  viewBox=\"0 0 20 20\" class=\"frmsvg\"><g clip-path=\"url(#frm-star-clip-path)\"><path fill=\"#EAECF0\" d=\"m10 .5 2.64 6.36 6.87.55-5.23 4.48 1.6 6.7L10 15l-5.88 3.59 1.6-6.7L.49 7.41l6.86-.55L10 .5Z\"\/><\/g><defs><clipPath id=\"frm-star-clip-path\"><path fill=\"#fff\" d=\"M0 0h20v20H0z\"\/><\/clipPath><\/defs>\n<\/svg><svg  viewBox=\"0 0 20 20\" class=\"frmsvg\"><path fill=\"#FDB022\" d=\"m10 .5 2.64 6.36 6.87.55-5.23 4.48 1.6 6.7L10 15l-5.88 3.59 1.6-6.7L.49 7.41l6.86-.55L10 .5Z\"\/>\n<\/svg>\t\t\t\t<span class=\"frm_screen_reader\">4 \u00c9toiles<\/span>\n\t\t\t<\/label>\n\t\t<input type=\"radio\" name=\"item_meta[436]\" id=\"field_c0wcf-4\" value=\"5\"  data-invmsg=\"Importance est non valide\" aria-invalid=\"false\"   \/><label  for=\"field_c0wcf-4\" class=\"star-rating\">\n\t\t\t\t<svg  viewBox=\"0 0 20 20\" class=\"frmsvg\"><g clip-path=\"url(#frm-star-clip-path)\"><path fill=\"#EAECF0\" d=\"m10 .5 2.64 6.36 6.87.55-5.23 4.48 1.6 6.7L10 15l-5.88 3.59 1.6-6.7L.49 7.41l6.86-.55L10 .5Z\"\/><\/g><defs><clipPath id=\"frm-star-clip-path\"><path fill=\"#fff\" d=\"M0 0h20v20H0z\"\/><\/clipPath><\/defs>\n<\/svg><svg  viewBox=\"0 0 20 20\" class=\"frmsvg\"><path fill=\"#FDB022\" d=\"m10 .5 2.64 6.36 6.87.55-5.23 4.48 1.6 6.7L10 15l-5.88 3.59 1.6-6.7L.49 7.41l6.86-.55L10 .5Z\"\/>\n<\/svg>\t\t\t\t<span class=\"frm_screen_reader\">5 \u00c9toiles<\/span>\n\t\t\t<\/label>\n<div style=\"clear:both;\"><\/div>\n<\/div>\n<\/div>\r\n\t<div class=\"frm_description\" id=\"frm_desc_field_c0wcf\">De * Int\u00e9ressante \u00e0 ***** Indispensable pour quiconque s'int\u00e9resse \u00e0 l'avenir des Arcs<\/div>\r\n\t\r\n<\/div>\n\t\t<input  type=\"hidden\" name=\"item_meta[426]\" id=\"field_cyuj7\" value=\"29\/04\/26\"  data-frmval=\"29\/04\/26\"   \/>\n\t\t<div id=\"frm_field_427_container\" class=\"frm_form_field form-field  frm_top_container frm12 frm_first\">\r\n\t<label for=\"field_4hqb1\" id=\"field_4hqb1_label\" class=\"frm_primary_label\">Titre\r\n\t\t<span class=\"frm_required\" aria-hidden=\"true\"><\/span>\r\n\t<\/label>\r\n\t<input  type=\"text\" id=\"field_4hqb1\" name=\"item_meta[427]\" value=\"\"  placeholder=\"Le moins de mots possible\" data-invmsg=\"Titre est non valide\" aria-invalid=\"false\"   aria-describedby=\"frm_desc_field_4hqb1\" \/>\r\n\t<div class=\"frm_description\" id=\"frm_desc_field_4hqb1\">Ce titre doit d\u00e9signer la ressource sans ambigu\u00eft\u00e9 de la fa\u00e7on la plus concise possible<\/div>\r\n\t\r\n<\/div>\n<div id=\"frm_field_428_container\" class=\"frm_form_field form-field  frm_top_container frm12 frm_first\">\r\n\t<label for=\"field_3gcth\" id=\"field_3gcth_label\" class=\"frm_primary_label\">Description longue\r\n\t\t<span class=\"frm_required\" aria-hidden=\"true\"><\/span>\r\n\t<\/label>\r\n\t<textarea data-auto-grow=\"1\"  name=\"item_meta[428]\" id=\"field_3gcth\" rows=\"5\"  placeholder=\"D\u00e9crire la ressource en indiquant pourquoi elle est importante pour 3A2050\" data-invmsg=\"Description longue est non valide\" aria-invalid=\"false\"   aria-describedby=\"frm_desc_field_3gcth\"><\/textarea>\r\n\t<div class=\"frm_description\" id=\"frm_desc_field_3gcth\">Ce champ est crucial pour le catalogue. Portez un int\u00e9r\u00eat particulier \u00e0 sa r\u00e9daction. Sans entrer dans les d\u00e9tails, expliquez au lecteur pourquoi il est important pour lui de consulter la ressource.<\/div>\r\n\t\r\n<\/div>\n<div id=\"frm_field_439_container\" class=\"frm_form_field form-field  frm_top_container horizontal_radio\">\n\t<div  id=\"field_q9k4p_label\" class=\"frm_primary_label\">Acc\u00e8s \u00e0 la ressource\n\t\t<span class=\"frm_required\" aria-hidden=\"true\"><\/span>\n\t<\/div>\n\t<div class=\"frm_opt_container\" aria-labelledby=\"field_q9k4p_label\" role=\"radiogroup\">\t\t<div class=\"frm_radio\" id=\"frm_radio_439-0\">\t\t\t<label  for=\"field_q9k4p-0\">\n\t\t\t\t\t<input type=\"radio\" name=\"item_meta[439]\" id=\"field_q9k4p-0\" value=\"R\u00e9f\u00e9rence Web\"\n\t\t data-frmval=\"R\u00e9f\u00e9rence Web\" data-invmsg=\"Acc\u00e8s \u00e0 la ressource est non valide\"  checked=\"checked\" \/> R\u00e9f\u00e9rence Web<\/label><\/div>\n\t\t<div class=\"frm_radio\" id=\"frm_radio_439-1\">\t\t\t<label  for=\"field_q9k4p-1\">\n\t\t\t\t\t<input type=\"radio\" name=\"item_meta[439]\" id=\"field_q9k4p-1\" value=\"Fichier \u00e0 t\u00e9l\u00e9charger\"\n\t\t data-frmval=\"R\u00e9f\u00e9rence Web\" data-invmsg=\"Acc\u00e8s \u00e0 la ressource est non valide\"   \/> Fichier \u00e0 t\u00e9l\u00e9charger<\/label><\/div>\n<\/div>\n\t<div class=\"frm_description\" id=\"frm_desc_field_q9k4p\">Privil\u00e9gier une r\u00e9f\u00e9rence \u00e0 la ressource sur le web \u00e0 un t\u00e9l\u00e9chargement sur le site<\/div>\n\t\n<\/div>\n<div id=\"frm_field_429_container\" class=\"frm_form_field form-field  frm_top_container frm12 frm_first\">\r\n\t<label for=\"field_r7wvl\" id=\"field_r7wvl_label\" class=\"frm_primary_label\">R\u00e9f\u00e9rence Web\r\n\t\t<span class=\"frm_required\" aria-hidden=\"true\"><\/span>\r\n\t<\/label>\r\n\t<input  type=\"text\" id=\"field_r7wvl\" name=\"item_meta[429]\" value=\"\"  placeholder=\"Adresse Web pour consulter la ressource\" data-invmsg=\"R\u00e9f\u00e9rence Web est non valide\" aria-invalid=\"false\"   \/>\r\n\t\r\n\t\r\n<\/div>\n<div id=\"frm_field_438_container\" class=\"frm_form_field form-field  frm_top_container\">\n\t<label for=\"field_a533b\" id=\"field_a533b_label\" class=\"frm_primary_label\">T\u00e9l\u00e9versement de la ressource sur le site\n\t\t<span class=\"frm_required\" aria-hidden=\"true\"><\/span>\n\t<\/label>\n\t<input type=\"hidden\"  data-invmsg=\"T\u00e9l\u00e9versement de la ressource sur le site est non valide\" class=\"auto_width\" aria-invalid=\"false\"   name=\"item_meta[438][]\"  value=\"\" data-frmfile=\"438\" \/>\n\n<div class=\"frm_dropzone frm_multi_upload frm_clearfix\" id=\"file438_dropzone\" role=\"group\" >\n\t<div class=\"fallback\">\n\t\t<input type=\"file\" name=\"file438[]\" id=\"field_a533b\"\n\t\t\t data-frmfile=\"438\" multiple=\"multiple\"  data-invmsg=\"T\u00e9l\u00e9versement de la ressource sur le site est non valide\" class=\"auto_width\" aria-invalid=\"false\"  \t\t\t\/>\n\t\t\t\t<div class=\"frm_clearfix \"><\/div>\n\t<\/div>\n\t<div class=\"dz-message needsclick\">\n\t\t\t\t<svg  viewBox=\"0 0 18 18\" class=\"frmsvg frm-svg-icon\">\n\t<path viewBox=\"0 0 18 18\" fill-rule=\"evenodd\" clip-rule=\"evenodd\" d=\"M8.2 4v8a.8.8 0 001.5 0V4l2.1 2.2A.7.7 0 1013 5L9.5 1.7a.7.7 0 00-1.1 0L5.1 5.2a.8.8 0 001 1l2.1-2zm7.6 4.3c.4 0 .7.3.7.7v6.8c0 .4-.3.7-.8.7H2.3a.8.8 0 01-.8-.8V9A.8.8 0 013 9v6h12V9c0-.4.3-.8.8-.8z\"><\/path>\n<\/svg>\t\t<span class=\"frm_upload_text\"><button type=\"button\" aria-label=\"T\u00e9l\u00e9versement de la ressource sur le site. D\u00e9poser un fichier ici ou cliquer pour t\u00e9l\u00e9charger. Taille de fichier maximale\u00a0: 12MB\">D\u00e9poser un fichier ici ou cliquer pour t\u00e9l\u00e9charger<\/button><\/span>\n\t\t<span class=\"frm_compact_text\"><button type=\"button\" aria-label=\"T\u00e9l\u00e9versement de la ressource sur le site. Choisir un fichier. Taille de fichier maximale\u00a0: 12MB\">Choisir un fichier<\/button><\/span>\n\t\t<div class=\"frm_small_text\">\n\t\t\t<p>Taille de fichier maximale\u00a0: 12MB<\/p>\n\t\t<\/div>\n\t<\/div>\n<\/div>\n\t\n\t\n\t\n<\/div>\n<div id=\"frm_field_430_container\" class=\"frm_form_field form-field  frm_top_container frm12 frm_first\">\r\n\t<label for=\"field_ffu18\" id=\"field_ffu18_label\" class=\"frm_primary_label\">Date de la ressource\r\n\t\t<span class=\"frm_required\" aria-hidden=\"true\"><\/span>\r\n\t<\/label>\r\n\t<input  type=\"text\" id=\"field_ffu18\" name=\"item_meta[430]\" value=\"\"  data-invmsg=\"Date de la ressource est non valide\" aria-invalid=\"false\"   aria-describedby=\"frm_desc_field_ffu18\" \/>\r\n\t<div class=\"frm_description\" id=\"frm_desc_field_ffu18\">Si possible indiquer une date, m\u00eame impr\u00e9cise, de la ressource<\/div>\r\n\t\r\n<\/div>\n<input type=\"hidden\" name=\"item_meta[433]\" id=\"field_vkybo\" value=\"\" data-frmval=\"\"\/>\n<div id=\"frm_field_424_container\" class=\"frm_form_field form-field  frm12 frm_first\">\r\n\t<div class=\"frm_submit frm_flex\">\r\n<button class=\"frm_button_submit frm_final_submit\" type=\"submit\"  >Ajouter la ressource au catalogue<\/button>\r\n\r\n\r\n\r\n<\/div>\r\n<\/div>\n\t<input type=\"hidden\" name=\"item_key\" value=\"\" \/>\n\t\t\t<div id=\"frm_field_455_container\">\n\t\t\t<label for=\"field_i1ye0\" >\n\t\t\t\tSi vous \u00eates un humain, ne remplissez pas ce champ.\t\t\t<\/label>\n\t\t\t<input  id=\"field_i1ye0\" type=\"text\" class=\"frm_form_field form-field frm_verify\" name=\"item_meta[455]\" value=\"\"  \/>\n\t\t<\/div>\n\t\t<input name=\"frm_state\" type=\"hidden\" value=\"x3Djz7YgXdRcbRo8Hyb1uFG0ZiiuFDw6lovcKHkYznC7I6nV4PoqC3PEIqjTFjQh\" \/><\/div>\n<\/fieldset>\n<\/div>\n\n<p style=\"display: none !important;\" class=\"akismet-fields-container\" data-prefix=\"ak_\"><label>&#916;<textarea name=\"ak_hp_textarea\" cols=\"45\" rows=\"8\" maxlength=\"100\"><\/textarea><\/label><input type=\"hidden\" id=\"ak_js_1\" name=\"ak_js\" value=\"203\"\/><script type=\"text\/javascript\">\n\/* <![CDATA[ *\/\ndocument.getElementById( \"ak_js_1\" ).setAttribute( \"value\", ( new Date() ).getTime() );\n\/* ]]> *\/\n<\/script>\n<\/p><\/form>\n<\/div>\n\n","protected":false},"excerpt":{"rendered":"<p>&nbsp;<\/p>\n","protected":false},"author":386,"featured_media":0,"parent":0,"menu_order":0,"comment_status":"closed","ping_status":"closed","template":"","meta":{"footnotes":""},"class_list":["post-4913","page","type-page","status-publish","hentry"],"_links":{"self":[{"href":"https:\/\/www.trois-a.org\/index.php\/wp-json\/wp\/v2\/pages\/4913","targetHints":{"allow":["GET"]}}],"collection":[{"href":"https:\/\/www.trois-a.org\/index.php\/wp-json\/wp\/v2\/pages"}],"about":[{"href":"https:\/\/www.trois-a.org\/index.php\/wp-json\/wp\/v2\/types\/page"}],"author":[{"embeddable":true,"href":"https:\/\/www.trois-a.org\/index.php\/wp-json\/wp\/v2\/users\/386"}],"replies":[{"embeddable":true,"href":"https:\/\/www.trois-a.org\/index.php\/wp-json\/wp\/v2\/comments?post=4913"}],"version-history":[{"count":12,"href":"https:\/\/www.trois-a.org\/index.php\/wp-json\/wp\/v2\/pages\/4913\/revisions"}],"predecessor-version":[{"id":7874,"href":"https:\/\/www.trois-a.org\/index.php\/wp-json\/wp\/v2\/pages\/4913\/revisions\/7874"}],"wp:attachment":[{"href":"https:\/\/www.trois-a.org\/index.php\/wp-json\/wp\/v2\/media?parent=4913"}],"curies":[{"name":"wp","href":"https:\/\/api.w.org\/{rel}","templated":true}]}}