{"id":3294,"date":"2020-11-18T19:59:08","date_gmt":"2020-11-18T18:59:08","guid":{"rendered":"https:\/\/www.trois-a.org\/?page_id=3294"},"modified":"2020-11-21T11:12:47","modified_gmt":"2020-11-21T10:12:47","slug":"services-de-la-maison-des-proprietaires","status":"publish","type":"page","link":"https:\/\/www.trois-a.org\/index.php\/services-de-la-maison-des-proprietaires\/","title":{"rendered":"Services de la Maison des Propri\u00e9taires"},"content":{"rendered":"<p>Voici quelques pr\u00e9cisions sur les services attendus d&rsquo;une Maison des\u00a0Propri\u00e9taires aux Arcs que 3A a r\u00e9pertori\u00e9s. Merci de s\u00e9lectionner ceux que vous souhaiteriez vous-m\u00eames trouver dans cette maison et les classer par ordre de pr\u00e9f\u00e9rence dans le questionnaire. Vous pourrez aussi faire vos propres suggestions, nous les transmettrons.<\/p>\r\n<p><strong>Pour revenir au questionnaire, cliquez sur l&rsquo;onglet correspondant ou utilisez le bouton \u00ab\u00a0Afficher la page pr\u00e9c\u00e9dente\u00a0\u00bb de votre navigateur.<\/strong><\/p>\r\n<p>&nbsp;<\/p>\r\n\r\n<figure class=\"wp-block-table is-style-stripes\">\r\n<table class=\"has-subtle-pale-green-background-color has-fixed-layout has-background\">\r\n<thead>\r\n<tr>\r\n<th>Service<\/th>\r\n<th>Exemples de r\u00e9alisation<\/th>\r\n<th>Conditions de succ\u00e8s<\/th>\r\n<\/tr>\r\n<\/thead>\r\n<tbody>\r\n<tr>\r\n<td>Aide \u00e0 la location de mon appartement<\/td>\r\n<td>Guide conseil pour le propri\u00e9taire\u00a0:\u00a0<br \/>Choix entre diff\u00e9rentes formules de location\u00a0<br \/>Annuaire des conciergeries<br \/>Aide \u00e0 la d\u00e9termination des loyers\u00a0<br \/>Aide \u00e0 la communication<br \/>Bonnes pratiques\u00a0<br \/>Conseils fiscaux\u00a0<\/td>\r\n<td>S\u2019appuyer sur quelques propri\u00e9taires experts pour alimenter cette base de donn\u00e9es<\/td>\r\n<\/tr>\r\n<tr>\r\n<td>Aide \u00e0 la r\u00e9novation de mon appartement<\/td>\r\n<td>Exemples de r\u00e9novations r\u00e9ussies<br \/>Annuaire d\u2019artisans<br \/>Mise en relation avec des propri\u00e9taires ayant d\u00e9j\u00e0 r\u00e9nov\u00e9 leur appartement<\/td>\r\n<td>Adosser \u00e0 Reference les Arcs<\/td>\r\n<\/tr>\r\n<tr>\r\n<td>Forum d\u2019\u00e9changes entre propri\u00e9taires\u00a0<\/td>\r\n<td>Mettre en place des rendez-vous r\u00e9guliers avec les propri\u00e9taires pour qu\u2019ils lient connaissance et partagent des informations (group\u00e9s par village, group\u00e9s par centre d\u2019int\u00e9r\u00eat, accueil nouveaux propri\u00e9taires)<\/td>\r\n<td>Pr\u00e9voir un animateur et une th\u00e9matique pour lancer les \u00e9changes, inviter les personnes \u00e0 se pr\u00e9senter, offrir un verre, inviter une personnalit\u00e9 de la station etc\u2026\u00a0<\/td>\r\n<\/tr>\r\n<tr>\r\n<td>Informations sur les projets de la station\u00a0<\/td>\r\n<td>Donner des informations fiables sur les projets en cours (domaine skiable, remont\u00e9es, immobilier, voirie&#8230;)<\/td>\r\n<td>Mise \u00e0 jour r\u00e9guli\u00e8re des informations<\/td>\r\n<\/tr>\r\n<tr>\r\n<td>Accueil des enfants<\/td>\r\n<td>Proposer des formules pour initier les enfants des propri\u00e9taires aux nouvelles pratiques sportives, toutes saisons.<br \/>Offre de baby sitting\u2026<\/td>\r\n<td>Baby sitting\u00a0: recueillir les recommandations de propri\u00e9taires<\/td>\r\n<\/tr>\r\n<tr>\r\n<td>Espaces de r\u00e9union copropri\u00e9t\u00e9s, associations<\/td>\r\n<td>Salles d\u00e9di\u00e9es r\u00e9servables \u00e9quip\u00e9es en mat\u00e9riel audio-visuel<\/td>\r\n<td>\u00a0<\/td>\r\n<\/tr>\r\n<tr>\r\n<td>Acc\u00e8s Internet et p\u00e9riph\u00e9riques informatiques<\/td>\r\n<td>Web caf\u00e9 avec imprimantes, scanners, lecteurs de DVD, photocopieuse<\/td>\r\n<td>Mat\u00e9riel bien entretenu, acc\u00e8s Internet performant<\/td>\r\n<\/tr>\r\n<tr>\r\n<td>\u00c9v\u00e8nements r\u00e9serv\u00e9s aux propri\u00e9taires<\/td>\r\n<td>Proposer des rencontres propri\u00e9taires festives (soir\u00e9es inter village, sortie en Italie\u2026). Offrir la possibilit\u00e9 \u00e0 quelques propri\u00e9taires de participer en tant que VIP \u00e0 des \u00e9v\u00e8nements ou avant-premi\u00e8res.<\/td>\r\n<td>Animateur<\/td>\r\n<\/tr>\r\n<tr>\r\n<td>Salon de musique, lecture, jeux de cartes et jeux de soci\u00e9t\u00e9\u00a0<\/td>\r\n<td>Espace calme permettant d\u2019\u00e9couter de la musique avec des \u00e9couteurs ou de lire. Espace club confortable avec salon de bridge, tarot, scrabble etc.<\/td>\r\n<td>Encadrement occasionnel par un expert<\/td>\r\n<\/tr>\r\n<tr>\r\n<td>Cin\u00e9ma<\/td>\r\n<td>Salon de projection pouvant r\u00e9unir une vingtaine de personnes\u00a0<\/td>\r\n<td>Filmoth\u00e8que cibl\u00e9e<\/td>\r\n<\/tr>\r\n<tr>\r\n<td>Espace t\u00e9l\u00e9travail<\/td>\r\n<td>Pallier la petite taille des appartements en proposant un espace de t\u00e9l\u00e9travail<\/td>\r\n<td>\u00a0<\/td>\r\n<\/tr>\r\n<tr>\r\n<td>Simulateur de ski et test mat\u00e9riel<\/td>\r\n<td>Anim\u00e9 par des fabricants ou des d\u00e9taillants proposer un espace avec simulateur de mat\u00e9riel de glisse, test \u00e9quipements haut de gamme glisse, randonn\u00e9e, VTT, skis-mojo\u2026<\/td>\r\n<td>\u00a0<\/td>\r\n<\/tr>\r\n<\/tbody>\r\n<\/table>\r\n<\/figure>\r\n","protected":false},"excerpt":{"rendered":"<p>Voici quelques pr\u00e9cisions sur les services attendus d&rsquo;une Maison des\u00a0Propri\u00e9taires aux Arcs que 3A a r\u00e9pertori\u00e9s. Merci de s\u00e9lectionner ceux que vous souhaiteriez vous-m\u00eames trouver dans cette maison et les classer par ordre de pr\u00e9f\u00e9rence dans le questionnaire. Vous pourrez aussi faire vos propres suggestions, nous les transmettrons. Pour revenir au questionnaire, cliquez sur l&rsquo;onglet &#8230;<\/p>\n","protected":false},"author":386,"featured_media":0,"parent":0,"menu_order":0,"comment_status":"closed","ping_status":"closed","template":"","meta":{"footnotes":""},"class_list":["post-3294","page","type-page","status-publish","hentry"],"_links":{"self":[{"href":"https:\/\/www.trois-a.org\/index.php\/wp-json\/wp\/v2\/pages\/3294","targetHints":{"allow":["GET"]}}],"collection":[{"href":"https:\/\/www.trois-a.org\/index.php\/wp-json\/wp\/v2\/pages"}],"about":[{"href":"https:\/\/www.trois-a.org\/index.php\/wp-json\/wp\/v2\/types\/page"}],"author":[{"embeddable":true,"href":"https:\/\/www.trois-a.org\/index.php\/wp-json\/wp\/v2\/users\/386"}],"replies":[{"embeddable":true,"href":"https:\/\/www.trois-a.org\/index.php\/wp-json\/wp\/v2\/comments?post=3294"}],"version-history":[{"count":19,"href":"https:\/\/www.trois-a.org\/index.php\/wp-json\/wp\/v2\/pages\/3294\/revisions"}],"predecessor-version":[{"id":3315,"href":"https:\/\/www.trois-a.org\/index.php\/wp-json\/wp\/v2\/pages\/3294\/revisions\/3315"}],"wp:attachment":[{"href":"https:\/\/www.trois-a.org\/index.php\/wp-json\/wp\/v2\/media?parent=3294"}],"curies":[{"name":"wp","href":"https:\/\/api.w.org\/{rel}","templated":true}]}}