{"id":31,"date":"2016-10-31T15:56:58","date_gmt":"2016-10-31T14:56:58","guid":{"rendered":"https:\/\/www.trois-a.org\/?page_id=31"},"modified":"2017-12-26T18:21:19","modified_gmt":"2017-12-26T17:21:19","slug":"les-newsletters-de-3a","status":"publish","type":"page","link":"https:\/\/www.trois-a.org\/index.php\/accueil\/les-newsletters-de-3a\/","title":{"rendered":"La newsletter de 3A"},"content":{"rendered":"<p>Retrouvez ici les newsletters diffus\u00e9es par 3A:<\/p>\n<ul>\n<li><a href=\"http:\/\/mailchi.mp\/2a23a572061f\/newsletter_3a_decembre_2017?e=[UNIQID]\">la newsletter #9 d\u00e9cembre 2017<\/li>\n<li><a href=\"http:\/\/mailchi.mp\/0dd4b75d33a2\/newsletter-de3a-septembre-2017\" target=\"_blanck\">la newsletter #8 septembre 2017<\/a><\/li>\n<li><a href=\"http:\/\/us6.campaign-archive1.com\/?u=6a39b38e01034f9864f7d4bfd&#038;id=72d9e840ed\" target=\"_blanck\">la newsletter #7 ao\u00fbt 2017<\/a> <\/li>\n<li><a href=\"http:\/\/us6.campaign-archive2.com\/?u=6a39b38e01034f9864f7d4bfd&#038;id=8020b6313d\" target=\"_blank\">la newsletter #6<\/a><\/li>\n<li><a href=\"http:\/\/us6.campaign-archive1.com\/?u=6a39b38e01034f9864f7d4bfd&amp;id=088ee522da&amp;e=[UNIQID]\">la newsletter #5<\/a><\/li>\n<li><a href=\"http:\/\/eepurl.com\/cdPV0D\">la newsletter #4<\/a><\/li>\n<li><a href=\"http:\/\/eepurl.com\/bKithb\">la newsletter #3<\/a><\/li>\n<\/ul>\n","protected":false},"excerpt":{"rendered":"<p>Retrouvez ici les newsletters diffus\u00e9es par 3A: la newsletter #9 d\u00e9cembre 2017 la newsletter #8 septembre 2017 la newsletter #7 ao\u00fbt 2017 la newsletter #6 la newsletter #5 la newsletter #4 la newsletter #3<\/p>\n","protected":false},"author":386,"featured_media":0,"parent":17,"menu_order":300,"comment_status":"closed","ping_status":"closed","template":"","meta":{"footnotes":""},"class_list":["post-31","page","type-page","status-publish","hentry"],"_links":{"self":[{"href":"https:\/\/www.trois-a.org\/index.php\/wp-json\/wp\/v2\/pages\/31","targetHints":{"allow":["GET"]}}],"collection":[{"href":"https:\/\/www.trois-a.org\/index.php\/wp-json\/wp\/v2\/pages"}],"about":[{"href":"https:\/\/www.trois-a.org\/index.php\/wp-json\/wp\/v2\/types\/page"}],"author":[{"embeddable":true,"href":"https:\/\/www.trois-a.org\/index.php\/wp-json\/wp\/v2\/users\/386"}],"replies":[{"embeddable":true,"href":"https:\/\/www.trois-a.org\/index.php\/wp-json\/wp\/v2\/comments?post=31"}],"version-history":[{"count":10,"href":"https:\/\/www.trois-a.org\/index.php\/wp-json\/wp\/v2\/pages\/31\/revisions"}],"predecessor-version":[{"id":1064,"href":"https:\/\/www.trois-a.org\/index.php\/wp-json\/wp\/v2\/pages\/31\/revisions\/1064"}],"up":[{"embeddable":true,"href":"https:\/\/www.trois-a.org\/index.php\/wp-json\/wp\/v2\/pages\/17"}],"wp:attachment":[{"href":"https:\/\/www.trois-a.org\/index.php\/wp-json\/wp\/v2\/media?parent=31"}],"curies":[{"name":"wp","href":"https:\/\/api.w.org\/{rel}","templated":true}]}}