{"id":29,"date":"2016-10-31T15:55:33","date_gmt":"2016-10-31T14:55:33","guid":{"rendered":"https:\/\/www.trois-a.org\/?page_id=29"},"modified":"2017-07-16T19:23:04","modified_gmt":"2017-07-16T17:23:04","slug":"wifi","status":"publish","type":"page","link":"https:\/\/www.trois-a.org\/index.php\/les-actions-de-3a\/wifi\/","title":{"rendered":"Wifi"},"content":{"rendered":"<div class=\"ppress-paywall-message-wrap\"><div class=\"ppress-paywall-message\"><p>Contenu r\u00e9serv\u00e9 aux adh\u00e9rents 3A. <a class=\"notion-link-token notion-focusable-token notion-enable-hover\" href=\"https:\/\/www.trois-a.org\/wp-login.php\" rel=\"noopener noreferrer\" data-token-index=\"0\"><span class=\"link-annotation-unknown-block-id-1800973591\">Connectez-vous<\/span><\/a> ou <a class=\"notion-link-token notion-focusable-token notion-enable-hover\" href=\"https:\/\/www.trois-a.org\/index.php\/adhesion\/\" rel=\"noopener noreferrer\" data-token-index=\"2\"><span class=\"link-annotation-unknown-block-id--789943465\">adh\u00e9rez \u00e0 3A<\/span><\/a> pour le consulter.<\/p>\n<\/div><\/div>","protected":false},"excerpt":{"rendered":"<p>Contenu r\u00e9serv\u00e9 aux adh\u00e9rents 3A. Connectez-vous ou adh\u00e9rez \u00e0 3A pour le consulter.<\/p>\n","protected":false},"author":386,"featured_media":0,"parent":77,"menu_order":30,"comment_status":"closed","ping_status":"closed","template":"template_fullwidth.php","meta":{"footnotes":""},"class_list":["post-29","page","type-page","status-publish","hentry"],"_links":{"self":[{"href":"https:\/\/www.trois-a.org\/index.php\/wp-json\/wp\/v2\/pages\/29","targetHints":{"allow":["GET"]}}],"collection":[{"href":"https:\/\/www.trois-a.org\/index.php\/wp-json\/wp\/v2\/pages"}],"about":[{"href":"https:\/\/www.trois-a.org\/index.php\/wp-json\/wp\/v2\/types\/page"}],"author":[{"embeddable":true,"href":"https:\/\/www.trois-a.org\/index.php\/wp-json\/wp\/v2\/users\/386"}],"replies":[{"embeddable":true,"href":"https:\/\/www.trois-a.org\/index.php\/wp-json\/wp\/v2\/comments?post=29"}],"version-history":[{"count":7,"href":"https:\/\/www.trois-a.org\/index.php\/wp-json\/wp\/v2\/pages\/29\/revisions"}],"predecessor-version":[{"id":350,"href":"https:\/\/www.trois-a.org\/index.php\/wp-json\/wp\/v2\/pages\/29\/revisions\/350"}],"up":[{"embeddable":true,"href":"https:\/\/www.trois-a.org\/index.php\/wp-json\/wp\/v2\/pages\/77"}],"wp:attachment":[{"href":"https:\/\/www.trois-a.org\/index.php\/wp-json\/wp\/v2\/media?parent=29"}],"curies":[{"name":"wp","href":"https:\/\/api.w.org\/{rel}","templated":true}]}}