{"id":2704,"date":"2020-02-20T21:49:29","date_gmt":"2020-02-20T20:49:29","guid":{"rendered":"https:\/\/www.trois-a.org\/?page_id=2704"},"modified":"2025-07-09T09:49:29","modified_gmt":"2025-07-09T07:49:29","slug":"reunion-3a-coproprietes","status":"publish","type":"page","link":"https:\/\/www.trois-a.org\/index.php\/reunion-3a-coproprietes\/","title":{"rendered":"Rencontre 3A-pr\u00e9sidents de copropri\u00e9t\u00e9"},"content":{"rendered":"<div class=\"frm_forms  with_frm_style frm_style_style-formidable\" id=\"frm_form_24_container\" >\n<form enctype=\"multipart\/form-data\" method=\"post\" class=\"frm-show-form  frm_pro_form \" id=\"form_rencontre3a-coproprits2222\" >\n<div class=\"frm_form_fields \">\n<fieldset>\n<legend class=\"frm_screen_reader\">Rencontre 3A-Pr\u00e9sidents 27 juillet 2025<\/legend>\r\n<h3 class=\"frm_form_title\">Rencontre 3A-Pr\u00e9sidents 27 juillet 2025<\/h3>\r\n<div class=\"frm_description\"><p>3A organise une rencontre avec les pr\u00e9sidents de copropri\u00e9t\u00e9 des Arcs le 27 juillet 2025 \u00e0 17h dans la salle Pierre Blanche de l'h\u00f4tel de la Cachette \u00e0 Arc1600 (voir localisation et photo de la salle ci-dessous). Merci de remplir ce formulaire, m\u00eame si vous ne participez pas \u00e0 la r\u00e9union, en particulier sur les sujets que vous souhaitez voir aborder. Merci d'avance !<\/p>\n<\/div><div class=\"frm_fields_container\">\n<input type=\"hidden\" name=\"frm_action\" value=\"create\" \/>\n<input type=\"hidden\" name=\"form_id\" value=\"24\" \/>\n<input type=\"hidden\" name=\"frm_hide_fields_24\" id=\"frm_hide_fields_24\" value=\"\" \/>\n<input type=\"hidden\" name=\"form_key\" value=\"rencontre3a-coproprits2222\" \/>\n<input type=\"hidden\" name=\"item_meta[0]\" value=\"\" \/>\n<input type=\"hidden\" id=\"frm_submit_entry_24\" name=\"frm_submit_entry_24\" value=\"2dcc7060a6\" \/><input type=\"hidden\" name=\"_wp_http_referer\" value=\"\/index.php\/wp-json\/wp\/v2\/pages\/2704\" \/><div id=\"frm_field_414_container\" class=\"frm_form_field form-field  frm_top_container frm_half\">\r\n    <label for=\"field_qhsno33\" id=\"field_qhsno33_label\" class=\"frm_primary_label\">Pr\u00e9nom\r\n        <span class=\"frm_required\"><\/span>\r\n    <\/label>\r\n    <input  type=\"text\" id=\"field_qhsno33\" name=\"item_meta[414]\" value=\"\"  data-invmsg=\"texte est non valide\" aria-invalid=\"false\"   \/>\r\n    \r\n    \r\n<\/div>\n<div id=\"frm_field_415_container\" class=\"frm_form_field form-field  frm_top_container frm_half\">\r\n    <label for=\"field_87rbl33\" id=\"field_87rbl33_label\" class=\"frm_primary_label\">Nom\r\n        <span class=\"frm_required\"><\/span>\r\n    <\/label>\r\n    <input  type=\"text\" id=\"field_87rbl33\" name=\"item_meta[415]\" value=\"\"  data-invmsg=\"texte est non valide\" aria-invalid=\"false\"   \/>\r\n    \r\n    \r\n<\/div>\n<div id=\"frm_field_416_container\" class=\"frm_form_field form-field  frm_top_container\">\r\n    <label for=\"field_e5nhg33\" id=\"field_e5nhg33_label\" class=\"frm_primary_label\">Adresse \u00e9lectronique\r\n        <span class=\"frm_required\"><\/span>\r\n    <\/label>\r\n    <input  type=\"text\" id=\"field_e5nhg33\" name=\"item_meta[416]\" value=\"\"  data-invmsg=\"texte est non valide\" aria-invalid=\"false\"   \/>\r\n    \r\n    \r\n<\/div>\n<div id=\"frm_field_417_container\" class=\"frm_form_field form-field  frm_top_container\">\r\n    <label for=\"field_pgko133\" id=\"field_pgko133_label\" class=\"frm_primary_label\">Copropri\u00e9t\u00e9\r\n        <span class=\"frm_required\"><\/span>\r\n    <\/label>\r\n    <input  type=\"text\" id=\"field_pgko133\" name=\"item_meta[417]\" value=\"\"  data-invmsg=\"texte est non valide\" aria-invalid=\"false\"   \/>\r\n    \r\n    \r\n<\/div>\n<div id=\"frm_field_418_container\" class=\"frm_form_field form-field  frm_top_container horizontal_radio\">\r\n    <div  id=\"field_q0ph433_label\" class=\"frm_primary_label\">Je suis\r\n        <span class=\"frm_required\"><\/span>\r\n    <\/div>\r\n    <div class=\"frm_opt_container\" aria-labelledby=\"field_q0ph433_label\" role=\"radiogroup\">\t\t<div class=\"frm_radio\" id=\"frm_radio_418-0\">\t\t\t<label  for=\"field_q0ph433-0\">\n\t\t\t\t\t<input type=\"radio\" name=\"item_meta[418]\" id=\"field_q0ph433-0\" value=\"pr\u00e9sident du conseil syndical\"\n\t\t data-invmsg=\"Je suis est non valide\"   \/> pr\u00e9sident du conseil syndical<\/label><\/div>\n\t\t<div class=\"frm_radio\" id=\"frm_radio_418-1\">\t\t\t<label  for=\"field_q0ph433-1\">\n\t\t\t\t\t<input type=\"radio\" name=\"item_meta[418]\" id=\"field_q0ph433-1\" value=\"mandat\u00e9 par le pr\u00e9sident de ma copropri\u00e9t\u00e9\"\n\t\t data-invmsg=\"Je suis est non valide\"   \/> mandat\u00e9 par le pr\u00e9sident de ma copropri\u00e9t\u00e9<\/label><\/div>\n<\/div>\r\n    \r\n    \r\n<\/div>\n<div id=\"frm_field_419_container\" class=\"frm_form_field form-field  frm_top_container vertical_radio\">\r\n    <div  id=\"field_qzgrn33_label\" class=\"frm_primary_label\">Participation\r\n        <span class=\"frm_required\"><\/span>\r\n    <\/div>\r\n    <div class=\"frm_opt_container\" aria-labelledby=\"field_qzgrn33_label\" role=\"radiogroup\">\t\t<div class=\"frm_radio\" id=\"frm_radio_419-0\">\t\t\t<label  for=\"field_qzgrn33-0\">\n\t\t\t\t\t<input type=\"radio\" name=\"item_meta[419]\" id=\"field_qzgrn33-0\" value=\"Je participerai \u00e0 la rencontre\"\n\t\t data-invmsg=\"Participation est non valide\"   \/> Je participerai \u00e0 la rencontre<\/label><\/div>\n\t\t<div class=\"frm_radio\" id=\"frm_radio_419-1\">\t\t\t<label  for=\"field_qzgrn33-1\">\n\t\t\t\t\t<input type=\"radio\" name=\"item_meta[419]\" id=\"field_qzgrn33-1\" value=\"Je ne participerai pas \u00e0 la rencontre\"\n\t\t data-invmsg=\"Participation est non valide\"   \/> Je ne participerai pas \u00e0 la rencontre<\/label><\/div>\n<\/div>\r\n    \r\n    \r\n<\/div>\n<div id=\"frm_field_420_container\" class=\"frm_form_field form-field  frm_top_container vertical_radio\">\r\n    <div  id=\"field_h5kfm33_label\" class=\"frm_primary_label\">parce que :\r\n        <span class=\"frm_required\"><\/span>\r\n    <\/div>\r\n    <div class=\"frm_opt_container\" aria-labelledby=\"field_h5kfm33_label\" role=\"radiogroup\">\t\t<div class=\"frm_radio\" id=\"frm_radio_420-0\">\t\t\t<label  for=\"field_h5kfm33-0\">\n\t\t\t\t\t<input type=\"radio\" name=\"item_meta[420]\" id=\"field_h5kfm33-0\" value=\"je ne suis pas aux Arcs ce jour-l\u00e0\"\n\t\t data-invmsg=\"parce que : est non valide\"   \/> je ne suis pas aux Arcs ce jour-l\u00e0<\/label><\/div>\n\t\t<div class=\"frm_radio\" id=\"frm_radio_420-1\">\t\t\t<label  for=\"field_h5kfm33-1\">\n\t\t\t\t\t<input type=\"radio\" name=\"item_meta[420]\" id=\"field_h5kfm33-1\" value=\"j&#039;ai d&#039;autres obligations \u00e0 ce moment-l\u00e0\"\n\t\t data-invmsg=\"parce que : est non valide\"   \/> j'ai d'autres obligations \u00e0 ce moment-l\u00e0<\/label><\/div>\n\t\t<div class=\"frm_radio\" id=\"frm_radio_420-2\">\t\t\t<label  for=\"field_h5kfm33-2\">\n\t\t\t\t\t<input type=\"radio\" name=\"item_meta[420]\" id=\"field_h5kfm33-2\" value=\"je ne vois pas l&#039;int\u00e9r\u00eat de ma participation\"\n\t\t data-invmsg=\"parce que : est non valide\"   \/> je ne vois pas l'int\u00e9r\u00eat de ma participation<\/label><\/div>\n<\/div>\r\n    \r\n    \r\n<\/div>\n<div id=\"frm_field_421_container\" class=\"frm_form_field form-field  frm_top_container\">\r\n    <label for=\"field_lguuh33\" id=\"field_lguuh33_label\" class=\"frm_primary_label\">Je souhaite que soient abord\u00e9es les probl\u00e9matiques suivantes :\r\n        <span class=\"frm_required\"><\/span>\r\n    <\/label>\r\n    <textarea name=\"item_meta[421]\" id=\"field_lguuh33\" rows=\"5\"  data-invmsg=\"Je souhaite que soient abord\u00e9es les probl\u00e9matiques suivantes : est non valide\" aria-invalid=\"false\"  ><\/textarea>\r\n    \r\n    \r\n<\/div>\n<div id=\"frm_field_422_container\" class=\"frm_form_field form-field  frm_top_container\">\r\n    <label for=\"field_32eeg33\" id=\"field_32eeg33_label\" class=\"frm_primary_label\">Commentaires\r\n        <span class=\"frm_required\" aria-hidden=\"true\"><\/span>\r\n    <\/label>\r\n    <textarea name=\"item_meta[422]\" id=\"field_32eeg33\" rows=\"3\"  data-invmsg=\"Commentaires est non valide\" aria-invalid=\"false\"  ><\/textarea>\r\n    \r\n    \r\n<\/div>\n<div id=\"frm_field_423_container\" class=\"frm_form_field form-field \">\r\n\t<div class=\"frm_submit\">\r\n\r\n<button class=\"frm_button_submit frm_final_submit\" type=\"submit\"  >Envoyer<\/button>\r\n\r\n<\/div>\r\n<\/div>\n\t<input type=\"hidden\" name=\"item_key\" value=\"\" \/>\n\t\t\t<div id=\"frm_field_455_container\">\n\t\t\t<label for=\"field_s4jiy\" >\n\t\t\t\tSi vous \u00eates un humain, ne remplissez pas ce champ.\t\t\t<\/label>\n\t\t\t<input  id=\"field_s4jiy\" type=\"text\" class=\"frm_form_field form-field frm_verify\" name=\"item_meta[455]\" value=\"\"  \/>\n\t\t<\/div>\n\t\t<input name=\"frm_state\" type=\"hidden\" value=\"ghzUhaOKIhUTyX35StCNfAbbt0WZChfIrLT4\/O8SGrofEpMSZ9l1q30qo0d4bCLY\" \/><\/div>\n<\/fieldset>\n<\/div>\n\n<p style=\"display: none !important;\" class=\"akismet-fields-container\" data-prefix=\"ak_\"><label>&#916;<textarea name=\"ak_hp_textarea\" cols=\"45\" rows=\"8\" maxlength=\"100\"><\/textarea><\/label><input type=\"hidden\" id=\"ak_js_1\" name=\"ak_js\" value=\"10\"\/><script type=\"text\/javascript\">\n\/* <![CDATA[ *\/\ndocument.getElementById( \"ak_js_1\" ).setAttribute( \"value\", ( new Date() ).getTime() );\n\/* ]]> *\/\n<\/script>\n<\/p><\/form>\n<\/div>\n\n<p><img decoding=\"async\" class=\"wp-image-4972 aligncenter\" src=\"https:\/\/www.trois-a.org\/wp-content\/uploads\/2023\/03\/Localisation-hotel-Cachette-300x218.jpg\" alt=\"\" width=\"667\" height=\"485\" srcset=\"https:\/\/www.trois-a.org\/wp-content\/uploads\/2023\/03\/Localisation-hotel-Cachette-300x218.jpg 300w, https:\/\/www.trois-a.org\/wp-content\/uploads\/2023\/03\/Localisation-hotel-Cachette-1024x743.jpg 1024w, https:\/\/www.trois-a.org\/wp-content\/uploads\/2023\/03\/Localisation-hotel-Cachette-768x557.jpg 768w, https:\/\/www.trois-a.org\/wp-content\/uploads\/2023\/03\/Localisation-hotel-Cachette-1536x1114.jpg 1536w, https:\/\/www.trois-a.org\/wp-content\/uploads\/2023\/03\/Localisation-hotel-Cachette-2048x1486.jpg 2048w, https:\/\/www.trois-a.org\/wp-content\/uploads\/2023\/03\/Localisation-hotel-Cachette-1320x958.jpg 1320w\" sizes=\"(max-width: 667px) 100vw, 667px\" \/><\/p>\n<p>La rencontre aura lieu dans la salle \u00ab\u00a0Pierre Blanche\u00a0\u00bb.<\/p>\n<p><img decoding=\"async\" class=\" wp-image-4987 aligncenter\" src=\"https:\/\/www.trois-a.org\/wp-content\/uploads\/2023\/03\/Salle-Pierre-Blanche-300x219.jpeg\" alt=\"\" width=\"471\" height=\"344\" srcset=\"https:\/\/www.trois-a.org\/wp-content\/uploads\/2023\/03\/Salle-Pierre-Blanche-300x219.jpeg 300w, https:\/\/www.trois-a.org\/wp-content\/uploads\/2023\/03\/Salle-Pierre-Blanche-1024x747.jpeg 1024w, https:\/\/www.trois-a.org\/wp-content\/uploads\/2023\/03\/Salle-Pierre-Blanche-768x560.jpeg 768w, https:\/\/www.trois-a.org\/wp-content\/uploads\/2023\/03\/Salle-Pierre-Blanche.jpeg 1080w\" sizes=\"(max-width: 471px) 100vw, 471px\" \/><\/p>\n","protected":false},"excerpt":{"rendered":"<p>La rencontre aura lieu dans la salle \u00ab\u00a0Pierre Blanche\u00a0\u00bb.<\/p>\n","protected":false},"author":386,"featured_media":0,"parent":0,"menu_order":0,"comment_status":"closed","ping_status":"closed","template":"","meta":{"footnotes":""},"class_list":["post-2704","page","type-page","status-publish","hentry"],"_links":{"self":[{"href":"https:\/\/www.trois-a.org\/index.php\/wp-json\/wp\/v2\/pages\/2704","targetHints":{"allow":["GET"]}}],"collection":[{"href":"https:\/\/www.trois-a.org\/index.php\/wp-json\/wp\/v2\/pages"}],"about":[{"href":"https:\/\/www.trois-a.org\/index.php\/wp-json\/wp\/v2\/types\/page"}],"author":[{"embeddable":true,"href":"https:\/\/www.trois-a.org\/index.php\/wp-json\/wp\/v2\/users\/386"}],"replies":[{"embeddable":true,"href":"https:\/\/www.trois-a.org\/index.php\/wp-json\/wp\/v2\/comments?post=2704"}],"version-history":[{"count":14,"href":"https:\/\/www.trois-a.org\/index.php\/wp-json\/wp\/v2\/pages\/2704\/revisions"}],"predecessor-version":[{"id":7448,"href":"https:\/\/www.trois-a.org\/index.php\/wp-json\/wp\/v2\/pages\/2704\/revisions\/7448"}],"wp:attachment":[{"href":"https:\/\/www.trois-a.org\/index.php\/wp-json\/wp\/v2\/media?parent=2704"}],"curies":[{"name":"wp","href":"https:\/\/api.w.org\/{rel}","templated":true}]}}