{"id":2628,"date":"2020-01-24T22:10:04","date_gmt":"2020-01-24T21:10:04","guid":{"rendered":"https:\/\/www.trois-a.org\/?page_id=2628"},"modified":"2020-01-24T22:10:04","modified_gmt":"2020-01-24T21:10:04","slug":"test-adhesion-avec-cb","status":"publish","type":"page","link":"https:\/\/www.trois-a.org\/index.php\/test-adhesion-avec-cb\/","title":{"rendered":"Test adh\u00e9sion avec CB"},"content":{"rendered":"<div class=\"frm_forms  with_frm_style frm_style_style-formidable\" id=\"frm_form_5_container\" ><form enctype=\"multipart\/form-data\" method=\"post\" class=\"frm-show-form  frm_pro_form \" id=\"form_p7i163\" ><div class=\"frm_form_fields \"><fieldset><legend class=\"frm_screen_reader\">Bulletin d'adh\u00e9sion<\/legend><div class=\"frm_fields_container\"><input type=\"hidden\" name=\"frm_action\" value=\"create\" \/><input type=\"hidden\" name=\"form_id\" value=\"5\" \/><input type=\"hidden\" name=\"frm_hide_fields_5\" id=\"frm_hide_fields_5\" value=\"\" \/><input type=\"hidden\" name=\"form_key\" value=\"p7i163\" \/><input type=\"hidden\" name=\"item_meta[0]\" value=\"\" \/><input type=\"hidden\" id=\"frm_submit_entry_5\" name=\"frm_submit_entry_5\" value=\"2dcc7060a6\" \/><input type=\"hidden\" name=\"_wp_http_referer\" value=\"\/index.php\/wp-json\/wp\/v2\/pages\/2628\" \/><input  type=\"hidden\" name=\"item_meta[440]\" id=\"field_a4dvl\" value=\"\" \/><div id=\"frm_field_66_container\" class=\"frm_form_field  frm_html_container form-field\"><small><span style=\"color: black;\">(tous les champs marqu\u00e9s d'une * doivent \u00eatre renseign\u00e9s)<\/span><\/small><\/div><div id=\"frm_field_67_container\" class=\"frm_form_field form-field  frm_required_field frm_none_container horizontal_radio\"><label for=\"field_x0v732\" class=\"frm_primary_label\"> NAouR<span class=\"frm_required\"><\/span><\/label><div class=\"frm_opt_container\"><div class=\"frm_radio\" id=\"frm_radio_67-1\"><label  for=\"field_x0v732-1\"><input type=\"radio\" name=\"item_meta[67]\" id=\"field_x0v732-1\" value=\"Nouvelle adh\u00e9sion\" data-frmval=\"Renouvellement\" data-reqmsg=\"Choisir un renouvellement ou une nouvelle adh\u00e9sion\" data-invmsg=\" NAouR est non valide\"   \/> Nouvelle adh\u00e9sion<\/label><\/div><div class=\"frm_radio\" id=\"frm_radio_67-0\"><label  for=\"field_x0v732-0\"><input type=\"radio\" name=\"item_meta[67]\" id=\"field_x0v732-0\" value=\"Renouvellement\" data-frmval=\"Renouvellement\" data-reqmsg=\"Choisir un renouvellement ou une nouvelle adh\u00e9sion\" data-invmsg=\" NAouR est non valide\"  checked=\"checked\" \/> Renouvellement<\/label><\/div><\/div><\/div><div id=\"frm_field_68_container\" class=\"frm_form_field  frm_html_container form-field\"><hr \/><p><strong><span style=\"color: black;\">Coordonn\u00e9es<\/span><\/strong><\/p><hr \/><\/div><div id=\"frm_field_69_container\" class=\"frm_form_field form-field  frm_required_field frm_left_container frm_half 12\"><label for=\"field_368bf3\" class=\"frm_primary_label\">Nom<span class=\"frm_required\">*<\/span><\/label><input  type=\"text\" id=\"field_368bf3\" name=\"item_meta[69]\" value=\"\"  style=\"width:300px\" data-reqmsg=\"Ce champ ne peut pas \u00eatre vide\" aria-required=\"true\" data-invmsg=\"texte est non valide\" class=\"auto_width\" aria-invalid=\"false\"   \/><\/div><div id=\"frm_field_70_container\" class=\"frm_form_field form-field  frm_required_field frm_left_container frm_half\"><label for=\"field_c3gru3\" class=\"frm_primary_label\">Pr\u00e9nom<span class=\"frm_required\">*<\/span><\/label><input  type=\"text\" id=\"field_c3gru3\" name=\"item_meta[70]\" value=\"\"  style=\"width:300px\" data-reqmsg=\"Ce champ ne peut pas \u00eatre vide\" aria-required=\"true\" data-invmsg=\"texte est non valide\" class=\"auto_width\" aria-invalid=\"false\"   \/><\/div><div id=\"frm_field_77_container\" class=\"frm_form_field form-field  frm_required_field frm_left_container\"><label for=\"field_2axnu2\" class=\"frm_primary_label\">Email<span class=\"frm_required\">*<\/span><\/label><input type=\"email\" id=\"field_2axnu2\" name=\"item_meta[77]\" value=\"\"  style=\"width:300px\" data-reqmsg=\"Ce champ ne peut pas \u00eatre vide\" aria-required=\"true\" data-invmsg=\"Format d&#039;Email non valide\" class=\"auto_width\" aria-invalid=\"false\"  \/><\/div><div id=\"frm_field_79_container\" class=\"frm_form_field form-field  frm_required_field frm_left_container\"><label for=\"field_okg6e3\" class=\"frm_primary_label\">T\u00e9l. portable<span class=\"frm_required\">*<\/span><\/label><input  type=\"text\" id=\"field_okg6e3\" name=\"item_meta[79]\" value=\"\"  style=\"width:200px\" data-reqmsg=\"Champ requis\" aria-required=\"true\" data-invmsg=\"texte est non valide\" class=\"auto_width\" aria-invalid=\"false\"   \/><\/div><div id=\"frm_field_71_container\" class=\"frm_form_field form-field  frm_left_container\"><label for=\"field_o7evb2\" class=\"frm_primary_label\">Secteur d'activit\u00e9 ou d'expertise<span class=\"frm_required\"><\/span><\/label><input  type=\"text\" id=\"field_o7evb2\" name=\"item_meta[71]\" value=\"\"  style=\"width:300px\" data-invmsg=\"texte est non valide\" class=\"auto_width\" aria-invalid=\"false\"   \/><\/div><div id=\"frm_field_72_container\" class=\"frm_form_field  frm_html_container form-field\"><hr \/><p><strong><span style=\"color: black;\">R\u00e9sidence principale<\/span><\/strong><\/p><hr \/><\/div><div id=\"frm_field_73_container\" class=\"frm_form_field form-field  frm_required_field frm_left_container\"><label for=\"field_wwu592\" class=\"frm_primary_label\">Adresse<span class=\"frm_required\">*<\/span><\/label><input  type=\"text\" id=\"field_wwu592\" name=\"item_meta[73]\" value=\"\"  style=\"width:500px\" data-reqmsg=\"Ce champ ne peut pas \u00eatre vide\" aria-required=\"true\" data-invmsg=\"texte est non valide\" class=\"auto_width\" aria-invalid=\"false\"   \/><\/div><div id=\"frm_field_74_container\" class=\"frm_form_field form-field  frm_required_field frm_left_container\"><label for=\"field_h0vvm2\" class=\"frm_primary_label\">Code postal<span class=\"frm_required\">*<\/span><\/label><input  type=\"text\" id=\"field_h0vvm2\" name=\"item_meta[74]\" value=\"\"  style=\"width:200px\" data-reqmsg=\"Champ requis\" aria-required=\"true\" data-invmsg=\"texte est non valide\" class=\"auto_width\" aria-invalid=\"false\"   \/><\/div><div id=\"frm_field_75_container\" class=\"frm_form_field form-field  frm_required_field frm_left_container\"><label for=\"field_vcnax2\" class=\"frm_primary_label\">Ville<span class=\"frm_required\">*<\/span><\/label><input  type=\"text\" id=\"field_vcnax2\" name=\"item_meta[75]\" value=\"\"  style=\"width:300px\" data-reqmsg=\"Champ requis\" aria-required=\"true\" data-invmsg=\"texte est non valide\" class=\"auto_width\" aria-invalid=\"false\"   \/><\/div><div id=\"frm_field_76_container\" class=\"frm_form_field form-field  frm_required_field frm_left_container\"><label for=\"field_n6zuh3\" class=\"frm_primary_label\">Pays<span class=\"frm_required\">*<\/span><\/label><input  type=\"text\" id=\"field_n6zuh3\" name=\"item_meta[76]\" value=\"\"  style=\"width:200px\" data-reqmsg=\"Champ requis\" aria-required=\"true\" data-invmsg=\"texte est non valide\" class=\"auto_width\" aria-invalid=\"false\"   \/><\/div><div id=\"frm_field_80_container\" class=\"frm_form_field  frm_html_container form-field\"><hr><p><strong><span style=\"color:black\">Je suis propri\u00e9taire de ce bien aux Arcs<\/span><\/strong><\/p><hr><\/div><div id=\"frm_field_81_container\" class=\"frm_form_field form-field  frm_required_field frm_left_container\"><label for=\"field_5tcl53\" class=\"frm_primary_label\">Station\/Village<span class=\"frm_required\">*<\/span><\/label><input  type=\"text\" id=\"field_5tcl53\" name=\"item_meta[81]\" value=\"\"  style=\"width:350px\" data-reqmsg=\"Champ requis\" aria-required=\"true\" data-invmsg=\"texte est non valide\" class=\"auto_width\" aria-invalid=\"false\"   \/><\/div><div id=\"frm_field_82_container\" class=\"frm_form_field form-field  frm_required_field frm_left_container\"><label for=\"field_egd803\" class=\"frm_primary_label\">R\u00e9sidence<span class=\"frm_required\">*<\/span><\/label><input  type=\"text\" id=\"field_egd803\" name=\"item_meta[82]\" value=\"\"  style=\"width:350px\" placeholder=\"Indiquez \u00e9ventuellement Sans objet ou N\/A\" data-reqmsg=\"Champ requis\" aria-required=\"true\" data-invmsg=\"texte est non valide\" class=\"auto_width\" aria-invalid=\"false\"   \/><\/div><div id=\"frm_field_83_container\" class=\"frm_form_field form-field  frm_required_field frm_left_container\"><label for=\"field_6962a2\" class=\"frm_primary_label\">N\u00b0 d'appartement<span class=\"frm_required\">*<\/span><\/label><input  type=\"text\" id=\"field_6962a2\" name=\"item_meta[83]\" value=\"\"  style=\"width:350px\" placeholder=\"Indiquez \u00e9ventuellement Sans objet ou N\/A\" data-reqmsg=\"Champ requis\" aria-required=\"true\" data-invmsg=\"texte est non valide\" class=\"auto_width\" aria-invalid=\"false\"   \/><\/div><div id=\"frm_field_85_container\" class=\"frm_form_field  frm_html_container form-field\"><hr \/><p><strong><span style=\"color: black;\">Cotisation<\/span><\/strong><\/p><hr \/><\/div><div id=\"frm_field_86_container\" class=\"frm_form_field form-field  frm_required_field frm_top_container horizontal_radio\"><div  id=\"field_5vaqd2_label\" class=\"frm_primary_label\">Je r\u00e8gle ma cotisation annuelle d'au minimum 40\u20ac au titre de ma contribution au fonctionnement de 3A<span class=\"frm_required\">*<\/span><\/div><div class=\"frm_opt_container\" aria-labelledby=\"field_5vaqd2_label\" role=\"radiogroup\" aria-required=\"true\"><div class=\"frm_radio\" id=\"frm_radio_86-4\"><label  for=\"field_5vaqd2-4\"><input type=\"radio\" name=\"item_meta[86]\" id=\"field_5vaqd2-4\" value=\"par carte bancaire\" data-reqmsg=\"Ce champ ne peut pas \u00eatre vide\" data-invmsg=\"Je r\u00e8gle ma cotisation annuelle d&#039;au minimum 40\u20ac au titre de ma contribution au fonctionnement de 3A est non valide\"   \/> par carte bancaire<\/label><\/div><div class=\"frm_radio\" id=\"frm_radio_86-1\"><label  for=\"field_5vaqd2-1\"><input type=\"radio\" name=\"item_meta[86]\" id=\"field_5vaqd2-1\" value=\"par virement bancaire (s\u00e9lectionner pour voir le RIB de 3A)\" data-reqmsg=\"Ce champ ne peut pas \u00eatre vide\" data-invmsg=\"Je r\u00e8gle ma cotisation annuelle d&#039;au minimum 40\u20ac au titre de ma contribution au fonctionnement de 3A est non valide\"   \/> par virement bancaire (s\u00e9lectionner pour voir le RIB de 3A)<\/label><\/div><div class=\"frm_radio\" id=\"frm_radio_86-2\"><label  for=\"field_5vaqd2-2\"><input type=\"radio\" name=\"item_meta[86]\" id=\"field_5vaqd2-2\" value=\"par ch\u00e8que bancaire libell\u00e9 \u00e0 l&#039;ordre d&#039;&lt;strong&gt;Avenir et Animation des Arcs&lt;\/strong&gt; que je fais parvenir \u00e0 la tr\u00e9sori\u00e8re de 3A &lt;strong&gt;Jacqueline Houin 10 Bd Jourdan 75014 Paris&lt;\/strong&gt;\" data-reqmsg=\"Ce champ ne peut pas \u00eatre vide\" data-invmsg=\"Je r\u00e8gle ma cotisation annuelle d&#039;au minimum 40\u20ac au titre de ma contribution au fonctionnement de 3A est non valide\"   \/> par ch\u00e8que bancaire libell\u00e9 \u00e0 l'ordre d'<strong>Avenir et Animation des Arcs<\/strong> que je fais parvenir \u00e0 la tr\u00e9sori\u00e8re de 3A <strong>Jacqueline Houin 10 Bd Jourdan 75014 Paris<\/strong><\/label><\/div><div class=\"frm_radio\" id=\"frm_radio_86-3\"><label  for=\"field_5vaqd2-3\"><input type=\"radio\" name=\"item_meta[86]\" id=\"field_5vaqd2-3\" value=\"en esp\u00e8ces vers\u00e9es \u00e0 la tr\u00e9sori\u00e8re de 3A\" data-reqmsg=\"Ce champ ne peut pas \u00eatre vide\" data-invmsg=\"Je r\u00e8gle ma cotisation annuelle d&#039;au minimum 40\u20ac au titre de ma contribution au fonctionnement de 3A est non valide\"   \/> en esp\u00e8ces vers\u00e9es \u00e0 la tr\u00e9sori\u00e8re de 3A<\/label><\/div><\/div><\/div><div id=\"frm_field_208_container\" class=\"frm_form_field  frm_html_container form-field\">Le RIB de 3A :<\/p><p>ASS AVENIR ET ANIMATION DES ARCS<\/p><p>IBAN : FR76 3000 3032 8300 0504 4019 089<\/p><p>BIC-ADRESSE SWIFT : SOGEFRPP<\/p><\/div><div id=\"frm_field_160_container\" class=\"frm_form_field  frm_html_container form-field\"><hr \/><p><strong><span style=\"color: black;\">Participation \u00e0 3A<\/span><\/strong><\/p><hr \/><\/div><div id=\"frm_field_156_container\" class=\"frm_form_field form-field  frm_top_container vertical_radio\"><div  id=\"field_qyb1x_label\" class=\"frm_primary_label\">J'ai connu 3A<span class=\"frm_required\" aria-hidden=\"true\"><\/span><\/div><div class=\"frm_opt_container\" aria-labelledby=\"field_qyb1x_label\" role=\"group\"><div class=\"frm_checkbox\" id=\"frm_checkbox_156-0\"><label  for=\"field_qyb1x-0\"><input type=\"checkbox\" name=\"item_meta[156][]\" id=\"field_qyb1x-0\" value=\"par bouche \u00e0 oreille\"  data-invmsg=\"J&#039;ai connu 3A est non valide\"   \/> par bouche \u00e0 oreille<\/label><\/div><div class=\"frm_checkbox\" id=\"frm_checkbox_156-1\"><label  for=\"field_qyb1x-1\"><input type=\"checkbox\" name=\"item_meta[156][]\" id=\"field_qyb1x-1\" value=\"en faisant des recherches sur le Web\"  data-invmsg=\"J&#039;ai connu 3A est non valide\"   \/> en faisant des recherches sur le Web<\/label><\/div><div class=\"frm_checkbox\" id=\"frm_checkbox_156-2\"><label  for=\"field_qyb1x-2\"><input type=\"checkbox\" name=\"item_meta[156][]\" id=\"field_qyb1x-2\" value=\"par une affiche\"  data-invmsg=\"J&#039;ai connu 3A est non valide\"   \/> par une affiche<\/label><\/div><div class=\"frm_checkbox\" id=\"frm_checkbox_156-3\"><label  for=\"field_qyb1x-3\"><input type=\"checkbox\" name=\"item_meta[156][]\" id=\"field_qyb1x-3\" value=\"en participant \u00e0 un \u00e9v\u00e8nement 3A\"  data-invmsg=\"J&#039;ai connu 3A est non valide\"   \/> en participant \u00e0 un \u00e9v\u00e8nement 3A<\/label><\/div><div class=\"frm_checkbox\" id=\"frm_checkbox_156-4\"><label  for=\"field_qyb1x-4\"><input type=\"checkbox\" name=\"item_meta[156][]\" id=\"field_qyb1x-4\" value=\"en participant \u00e0 une r\u00e9union aux Arcs\"  data-invmsg=\"J&#039;ai connu 3A est non valide\"   \/> en participant \u00e0 une r\u00e9union aux Arcs<\/label><\/div><div class=\"frm_checkbox\" id=\"frm_checkbox_156-5\"><label  for=\"field_qyb1x-5\"><input type=\"checkbox\" name=\"item_meta[156][]\" id=\"field_qyb1x-5\" value=\"par un spot radio sur R&#039;les Arcs\"  data-invmsg=\"J&#039;ai connu 3A est non valide\"   \/> par un spot radio sur R'les Arcs<\/label><\/div><div class=\"frm_checkbox\" id=\"frm_checkbox_156-6\"><label  for=\"field_qyb1x-6\"><input type=\"checkbox\" name=\"item_meta[156][]\" id=\"field_qyb1x-6\" value=\"par un autre moyen (cocher pour pr\u00e9ciser)\"  data-invmsg=\"J&#039;ai connu 3A est non valide\"   \/> par un autre moyen (cocher pour pr\u00e9ciser)<\/label><\/div><\/div><\/div><div id=\"frm_field_157_container\" class=\"frm_form_field form-field  frm_top_container\"><label for=\"field_mcq28\" id=\"field_mcq28_label\" class=\"frm_primary_label\">je pr\u00e9cise :<span class=\"frm_required\" aria-hidden=\"true\"><\/span><\/label><input  type=\"text\" id=\"field_mcq28\" name=\"item_meta[157]\" value=\"\"  style=\"width:50%\" data-invmsg=\"texte est non valide\" class=\"auto_width\" aria-invalid=\"false\"   \/><\/div><div id=\"frm_field_87_container\" class=\"frm_form_field form-field  frm_top_container vertical_radio\"><label for=\"field_zqyy92\" class=\"frm_primary_label\">J'envisage<span class=\"frm_required\"><\/span><\/label><div class=\"frm_opt_container\"><div class=\"frm_checkbox\" id=\"frm_checkbox_87-1\"><label  for=\"field_zqyy92-1\"><input type=\"checkbox\" name=\"item_meta[87][]\" id=\"field_zqyy92-1\" value=\"d\u2019\u00eatre relais de ma copropri\u00e9t\u00e9 aupr\u00e8s de l\u2019association\"  data-invmsg=\"J&#039;envisage est non valide\"   \/> d\u2019\u00eatre relais de ma copropri\u00e9t\u00e9 aupr\u00e8s de l\u2019association<\/label><\/div><div class=\"frm_checkbox\" id=\"frm_checkbox_87-2\"><label  for=\"field_zqyy92-2\"><input type=\"checkbox\" name=\"item_meta[87][]\" id=\"field_zqyy92-2\" value=\"de contribuer au fonctionnement de l\u2019association dans les domaines suivants (cocher pour pr\u00e9ciser) :\"  data-invmsg=\"J&#039;envisage est non valide\"   \/> de contribuer au fonctionnement de l\u2019association dans les domaines suivants (cocher pour pr\u00e9ciser) :<\/label><\/div><\/div><\/div><div id=\"frm_field_88_container\" class=\"frm_form_field form-field  frm_top_container\"><label for=\"field_sofz12\" class=\"frm_primary_label\"> <span class=\"frm_required\"><\/span><\/label><input  type=\"text\" id=\"field_sofz12\" name=\"item_meta[88]\" value=\"\"  data-invmsg=\"texte est non valide\" aria-invalid=\"false\"   \/><\/div><div id=\"frm_field_89_container\" class=\"frm_form_field form-field  frm_hidden_container vertical_radio\"><label for=\"field_7yn742\" class=\"frm_primary_label\"> participation \u00e0 3A<span class=\"frm_required\"><\/span><\/label><div class=\"frm_opt_container\"><div class=\"frm_checkbox\" id=\"frm_checkbox_89-0\"><label  for=\"field_7yn742-0\"><input type=\"checkbox\" name=\"item_meta[89][]\" id=\"field_7yn742-0\" value=\"voici comment je propose de participer \u00e0 3A (cocher pour pr\u00e9ciser) :\"  data-invmsg=\" participation \u00e0 3A est non valide\"   \/> voici comment je propose de participer \u00e0 3A (cocher pour pr\u00e9ciser) :<\/label><\/div><\/div><\/div><div id=\"frm_field_90_container\" class=\"frm_form_field form-field  frm_left_container\"><label for=\"field_jkgfc2\" class=\"frm_primary_label\"> <span class=\"frm_required\"><\/span><\/label><input  type=\"text\" id=\"field_jkgfc2\" name=\"item_meta[90]\" value=\"\"  data-invmsg=\"texte est non valide\" aria-invalid=\"false\"   \/><\/div><div id=\"frm_field_164_container\" class=\"frm_form_field  frm_html_container form-field\"><hr \/><p><strong><span style=\"color: black;\">Message \u00e0 3A<\/span><\/strong><\/p><hr \/><\/div><div id=\"frm_field_91_container\" class=\"frm_form_field form-field  frm_hidden_container\"><label for=\"field_y58rr\" id=\"field_y58rr_label\" class=\"frm_primary_label\">Message \u00e0 3A<span class=\"frm_required\"><\/span><\/label><textarea name=\"item_meta[91]\" id=\"field_y58rr\" rows=\"5\"  data-invmsg=\"Message \u00e0 3A est non valide\" aria-invalid=\"false\"  ><\/textarea><\/div><div id=\"frm_field_257_container\" class=\"frm_form_field form-field \"><div class=\"frm_submit\"><button class=\"frm_button_submit frm_final_submit\" type=\"submit\"   formnovalidate=\"formnovalidate\">Envoyer<\/button><\/div><\/div><input type=\"hidden\" name=\"item_key\" value=\"\" \/><div id=\"frm_field_455_container\"><label for=\"field_8hv5j\" >Si vous \u00eates un humain, ne remplissez pas ce champ.<\/label><input  id=\"field_8hv5j\" type=\"text\" class=\"frm_form_field form-field frm_verify\" name=\"item_meta[455]\" value=\"\"  \/><\/div><input name=\"frm_state\" type=\"hidden\" value=\"Ghbkv3jLpviqH+HVsRm1OBl7r7bDUzyQiBE5UBjQxL\/rwABA7cFYVQnSnhH+T7lg\" \/><\/div><\/fieldset><\/div><p style=\"display: none !important;\" class=\"akismet-fields-container\" data-prefix=\"ak_\"><label>&#916;<textarea name=\"ak_hp_textarea\" cols=\"45\" rows=\"8\" maxlength=\"100\"><\/textarea><\/label><input type=\"hidden\" id=\"ak_js_1\" name=\"ak_js\" value=\"243\"\/><script type=\"text\/javascript\">\n\/* <![CDATA[ *\/\ndocument.getElementById( \"ak_js_1\" ).setAttribute( \"value\", ( new Date() ).getTime() );\n\/* ]]> *\/\n<\/script>\n<\/p><\/form><\/div>\n","protected":false},"excerpt":{"rendered":"","protected":false},"author":386,"featured_media":0,"parent":0,"menu_order":0,"comment_status":"closed","ping_status":"closed","template":"","meta":{"footnotes":""},"class_list":["post-2628","page","type-page","status-publish","hentry"],"_links":{"self":[{"href":"https:\/\/www.trois-a.org\/index.php\/wp-json\/wp\/v2\/pages\/2628","targetHints":{"allow":["GET"]}}],"collection":[{"href":"https:\/\/www.trois-a.org\/index.php\/wp-json\/wp\/v2\/pages"}],"about":[{"href":"https:\/\/www.trois-a.org\/index.php\/wp-json\/wp\/v2\/types\/page"}],"author":[{"embeddable":true,"href":"https:\/\/www.trois-a.org\/index.php\/wp-json\/wp\/v2\/users\/386"}],"replies":[{"embeddable":true,"href":"https:\/\/www.trois-a.org\/index.php\/wp-json\/wp\/v2\/comments?post=2628"}],"version-history":[{"count":1,"href":"https:\/\/www.trois-a.org\/index.php\/wp-json\/wp\/v2\/pages\/2628\/revisions"}],"predecessor-version":[{"id":2629,"href":"https:\/\/www.trois-a.org\/index.php\/wp-json\/wp\/v2\/pages\/2628\/revisions\/2629"}],"wp:attachment":[{"href":"https:\/\/www.trois-a.org\/index.php\/wp-json\/wp\/v2\/media?parent=2628"}],"curies":[{"name":"wp","href":"https:\/\/api.w.org\/{rel}","templated":true}]}}