{"id":2624,"date":"2020-01-24T21:21:53","date_gmt":"2020-01-24T20:21:53","guid":{"rendered":"https:\/\/www.trois-a.org\/?page_id=2624"},"modified":"2026-01-01T19:52:29","modified_gmt":"2026-01-01T18:52:29","slug":"confirmation-envoi-bulletin-dadhesion","status":"publish","type":"page","link":"https:\/\/www.trois-a.org\/index.php\/confirmation-envoi-bulletin-dadhesion\/","title":{"rendered":"Confirmation envoi bulletin d&rsquo;adh\u00e9sion"},"content":{"rendered":"<p>Votre bulletin d&rsquo;adh\u00e9sion \u00e0 3A a \u00e9t\u00e9 transmis au secr\u00e9taire de 3A.<\/p>\n<p>Une fois votre r\u00e8glement enregistr\u00e9, vous recevrez une confirmation de votre adh\u00e9sion par courrier \u00e9lectronique, avec les identifiants vous permettant l&rsquo;acc\u00e8s \u00e0 la totalit\u00e9 du site de 3A s&rsquo;il s&rsquo;agit d&rsquo;une premi\u00e8re adh\u00e9sion.<\/p>\n<p>Pour r\u00e9gler votre cotisation par carte bancaire, appuyez sur le bouton bleu ci-dessous (rappel : 40 \u20ac plus un \u00e9ventuel don \u00e0 votre convenance). La transaction est enti\u00e8rement prise en charge par l&rsquo;infrastructure de paiement en ligne <a href=\"https:\/\/stripe.com\/fr\" target=\"_blank\" rel=\"noopener\">Stripe<\/a>, un des plus importants acteurs mondiaux dans ce domaine. En aucun cas 3A n&rsquo;a acc\u00e8s \u00e0 votre num\u00e9ro de carte bancaire.<\/p>\n<div class=\"asp_product_buy_button\"><div class=\"asp-processing-cont\" style=\"display:none;\"><span class=\"asp-processing\">Processing <i>.<\/i><i>.<\/i><i>.<\/i><\/span><\/div><form id=\"asp_ng_form_069f1bfa66d717\" class=\"asp-stripe-form\" action=\"\"  method=\"POST\"> <input type=\"hidden\" name=\"asp_product_id\" value=\"7913\" \/><div class=\"asp-child-hidden-fields\" style=\"display: none !important;\"><\/div><\/form><div id=\"asp-all-buttons-container-069f1bfa66d717\" class=\"asp_all_buttons_container\"><div class=\"asp_product_buy_btn_container\"><button id=\"asp_ng_button_069f1bfa66d717\" type=\"submit\" class=\"asp_product_buy_btn blue\" ><span>Je r\u00e8gle ma cotisation par carte bancaire<\/span><\/button><\/div><noscript>Stripe Payments n\u00e9cessite que Javascript soit pris en charge par le navigateur pour fonctionner.<\/noscript><\/div><div id=\"asp-btn-spinner-container-069f1bfa66d717\" class=\"asp-btn-spinner-container\" style=\"display: none !important\"><div class=\"asp-btn-spinner\"><div><\/div><div><\/div><div><\/div><div><\/div><\/div><\/div><script>var asp_data_069f1bfa66d717 = {\"is_live\":true,\"product_id\":7913,\"iframe_url\":\"https:\\\/\\\/www.trois-a.org\\\/asp-payment-box\\\/?product_id=7913\",\"button_key\":\"f6d3387aa94fb8b77ae22cfe01742f4d\",\"item_price\":0,\"quantity\":1,\"custom_quantity\":\"\",\"description\":\"\",\"descrGenerated\":false,\"shipping\":0,\"tax\":0,\"image\":\"https:\\\/\\\/www.trois-a.org\\\/wp-content\\\/uploads\\\/2026\\\/01\\\/asp_product_7913_thumb_2caf4e18a1f10e3713cb92ccfd62d8ab.jpg\",\"currency\":\"EUR\",\"currency_variable\":\"\",\"locale\":\"auto\",\"name\":\"Cotisation 3A 2026\",\"url\":\"\",\"amount\":0,\"billingAddress\":false,\"shippingAddress\":false,\"customer_email\":\"\",\"uniq_id\":\"069f1bfa66d717\",\"variable\":true,\"zeroCents\":[\"JPY\",\"MGA\",\"VND\",\"KRW\"],\"addonHooks\":[],\"button_text\":\"Je r\\u00e8gle ma cotisation par carte bancaire\",\"out_of_stock\":false,\"stock_control_enabled\":false,\"stock_items\":0,\"currencyFormat\":{\"c\":2,\"d\":\",\",\"t\":\" \",\"s\":\"\\u20ac\",\"pos\":\"right\"},\"displayStr\":{\"tax\":\"%s (tva)\",\"ship\":\"%s (livraison)\"},\"thankyou_page_url\":\"\",\"show_custom_amount_input\":false};if(typeof jQuery!==\"undefined\") {jQuery(document).ready(function() {new stripeHandlerNG(asp_data_069f1bfa66d717);});} else { if (typeof wpaspInitOnDocReady===\"undefined\") {var wpaspInitOnDocReady=[];} wpaspInitOnDocReady.push(asp_data_069f1bfa66d717);}<\/script><\/div>\n<p>&nbsp;<\/p>\n<a id=\"button_id-7383\" href=\"http:\/\/trois-a.org\" class=\"button medium primary no_woo_button\"><span>Retour \u00e0 l&rsquo;accueil<\/span><\/a>\n","protected":false},"excerpt":{"rendered":"<p>Votre bulletin d&rsquo;adh\u00e9sion \u00e0 3A a \u00e9t\u00e9 transmis au secr\u00e9taire de 3A. Une fois votre r\u00e8glement enregistr\u00e9, vous recevrez une confirmation de votre adh\u00e9sion par courrier \u00e9lectronique, avec les identifiants vous permettant l&rsquo;acc\u00e8s \u00e0 la totalit\u00e9 du site de 3A s&rsquo;il s&rsquo;agit d&rsquo;une premi\u00e8re adh\u00e9sion. Pour r\u00e9gler votre cotisation par carte bancaire, appuyez sur le &#8230;<\/p>\n","protected":false},"author":386,"featured_media":0,"parent":0,"menu_order":0,"comment_status":"closed","ping_status":"closed","template":"","meta":{"footnotes":""},"class_list":["post-2624","page","type-page","status-publish","hentry"],"_links":{"self":[{"href":"https:\/\/www.trois-a.org\/index.php\/wp-json\/wp\/v2\/pages\/2624","targetHints":{"allow":["GET"]}}],"collection":[{"href":"https:\/\/www.trois-a.org\/index.php\/wp-json\/wp\/v2\/pages"}],"about":[{"href":"https:\/\/www.trois-a.org\/index.php\/wp-json\/wp\/v2\/types\/page"}],"author":[{"embeddable":true,"href":"https:\/\/www.trois-a.org\/index.php\/wp-json\/wp\/v2\/users\/386"}],"replies":[{"embeddable":true,"href":"https:\/\/www.trois-a.org\/index.php\/wp-json\/wp\/v2\/comments?post=2624"}],"version-history":[{"count":13,"href":"https:\/\/www.trois-a.org\/index.php\/wp-json\/wp\/v2\/pages\/2624\/revisions"}],"predecessor-version":[{"id":7933,"href":"https:\/\/www.trois-a.org\/index.php\/wp-json\/wp\/v2\/pages\/2624\/revisions\/7933"}],"wp:attachment":[{"href":"https:\/\/www.trois-a.org\/index.php\/wp-json\/wp\/v2\/media?parent=2624"}],"curies":[{"name":"wp","href":"https:\/\/api.w.org\/{rel}","templated":true}]}}