{"id":2606,"date":"2020-01-20T23:33:32","date_gmt":"2020-01-20T22:33:32","guid":{"rendered":"https:\/\/www.trois-a.org\/index.php\/products\/"},"modified":"2020-01-20T23:33:32","modified_gmt":"2020-01-20T22:33:32","slug":"products","status":"publish","type":"page","link":"https:\/\/www.trois-a.org\/index.php\/products\/","title":{"rendered":"Products"},"content":{"rendered":"<div class=\"wpec_shop_products\"><div class=\"wp-asp-post-grid wp-asp-grid\">\n\t\n<div id=\"asp-sort-wrapper\">\t\n<form method=\"GET\" id=\"asp-sort-by-form\">\n<select id=\"asp-sort-by\" name=\"asp-sortby\">\n\t<option value=\"\">Select sorting option<\/option>\n\t<option  value=\"id-desc\">Sort by latest<\/option>\n\t<option  value=\"title-asc\">Sort by title<\/option>\n\t<option  value=\"price-asc\">Sort by price (low to high)<\/option>\n\t<option  value=\"price-desc\">Sort by price(high to low)<\/option>\n<\/select>\n<\/form>\n<\/div>\n\n\n<form id=\"wp-asp-search-form\" method=\"GET\">\n\t<div class=\"wp-asp-listing-search-field\">\n\t\t<input type=\"text\" class=\"wp-asp-search-input\" name=\"asp_search\" value=\"\" placeholder=\"Rechercher ...\">\n\t<button type=\"submit\" class=\"wp-asp-search-button\" value=\"Rechercher\" title=\"Rechercher\"><span class=\"dashicons dashicons-search\"><\/button>\n\t<\/div>\n<\/form>\n<div class=\"wp-asp-search-res-text\">\n\t\n<\/div>\n\n\t<div id=\"wp-asp-members-list\">\n\t\t<div class=\"wp-asp-grid-row\"><div class=\"wp-asp-grid-item wp-asp-product-id-2607\">\n\t<div class=\"wp-asp-product-thumb\"><img decoding=\"async\" src=\"https:\/\/www.trois-a.org\/wp-content\/uploads\/2022\/01\/cotisation-2022.jpg\"><\/div>\n\t<div class=\"wp-asp-product-price\">0,00\u20ac<\/div>\n\t<div class=\"wp-asp-product-name\">Cotisation 3A 2022<\/div>\n\t<div class=\"wp-asp-view-product-btn\"><a href=\"https:\/\/www.trois-a.org\/index.php\/asp-products\/cotisation-3a-2020\/\" class=\"wp-asp-view-product-lnk\"><button>Voir l\u2019article<\/button><\/a><\/div>\n<\/div>\n<div class=\"wp-asp-grid-item wp-asp-product-id-4939\">\n\t<div class=\"wp-asp-product-thumb\"><img decoding=\"async\" src=\"https:\/\/www.trois-a.org\/wp-content\/uploads\/2023\/05\/Cotisation-2023.jpg\"><\/div>\n\t<div class=\"wp-asp-product-price\">0,00\u20ac<\/div>\n\t<div class=\"wp-asp-product-name\">Cotisation 3A 2023<\/div>\n\t<div class=\"wp-asp-view-product-btn\"><a href=\"https:\/\/www.trois-a.org\/index.php\/asp-products\/cotisation-3a-2023\/\" class=\"wp-asp-view-product-lnk\"><button>Voir l\u2019article<\/button><\/a><\/div>\n<\/div>\n<div class=\"wp-asp-grid-item wp-asp-product-id-5997\">\n\t<div class=\"wp-asp-product-thumb\"><img decoding=\"async\" src=\"https:\/\/www.trois-a.org\/wp-content\/uploads\/2025\/01\/objet-cotisation-2025-1.jpg\"><\/div>\n\t<div class=\"wp-asp-product-price\">0,00\u20ac<\/div>\n\t<div class=\"wp-asp-product-name\">Cotisation 3A 2025<\/div>\n\t<div class=\"wp-asp-view-product-btn\"><a href=\"https:\/\/www.trois-a.org\/index.php\/asp-products\/cotisation-3a-2025\/\" class=\"wp-asp-view-product-lnk\"><button>Voir l\u2019article<\/button><\/a><\/div>\n<\/div>\n<\/div><div class=\"wp-asp-grid-row\"><div class=\"wp-asp-grid-item wp-asp-product-id-7913\">\n\t<div class=\"wp-asp-product-thumb\"><img decoding=\"async\" src=\"https:\/\/www.trois-a.org\/wp-content\/uploads\/2026\/01\/objet-cotisation-2026.jpg\"><\/div>\n\t<div class=\"wp-asp-product-price\">0,00\u20ac<\/div>\n\t<div class=\"wp-asp-product-name\">Cotisation 3A 2026<\/div>\n\t<div class=\"wp-asp-view-product-btn\"><a href=\"https:\/\/www.trois-a.org\/index.php\/asp-products\/cotisation-3a-2026\/\" class=\"wp-asp-view-product-lnk\"><button>Voir l\u2019article<\/button><\/a><\/div>\n<\/div>\n<\/div>\n\t<\/div>\n\t\n<\/div>\n<\/div>\n","protected":false},"excerpt":{"rendered":"<p>Cotisation 3A 2026 La cotisation \u00e0 3A pour 2026 est fix\u00e9e \u00e0 40 \u20ac. Vous pouvez y ajouter un don \u00e0 votre convenance.<\/p>\n","protected":false},"author":386,"featured_media":0,"parent":0,"menu_order":0,"comment_status":"closed","ping_status":"closed","template":"","meta":{"footnotes":""},"class_list":["post-2606","page","type-page","status-publish","hentry"],"_links":{"self":[{"href":"https:\/\/www.trois-a.org\/index.php\/wp-json\/wp\/v2\/pages\/2606","targetHints":{"allow":["GET"]}}],"collection":[{"href":"https:\/\/www.trois-a.org\/index.php\/wp-json\/wp\/v2\/pages"}],"about":[{"href":"https:\/\/www.trois-a.org\/index.php\/wp-json\/wp\/v2\/types\/page"}],"author":[{"embeddable":true,"href":"https:\/\/www.trois-a.org\/index.php\/wp-json\/wp\/v2\/users\/386"}],"replies":[{"embeddable":true,"href":"https:\/\/www.trois-a.org\/index.php\/wp-json\/wp\/v2\/comments?post=2606"}],"version-history":[{"count":0,"href":"https:\/\/www.trois-a.org\/index.php\/wp-json\/wp\/v2\/pages\/2606\/revisions"}],"wp:attachment":[{"href":"https:\/\/www.trois-a.org\/index.php\/wp-json\/wp\/v2\/media?parent=2606"}],"curies":[{"name":"wp","href":"https:\/\/api.w.org\/{rel}","templated":true}]}}